{"id":5106,"date":"2025-06-25T13:55:30","date_gmt":"2025-06-25T11:55:30","guid":{"rendered":"https:\/\/www.alenkarobine.com\/?post_type=product&#038;p=5106"},"modified":"2025-07-07T08:26:42","modified_gmt":"2025-07-07T06:26:42","slug":"ritual-fotografico-de-luna-llena","status":"publish","type":"product","link":"https:\/\/www.alenkarobine.com\/fr\/produit\/ritual-fotografico-de-luna-llena\/","title":{"rendered":"Ritual fotogr\u00e1fico de luna llena"},"content":{"rendered":"<p><span style=\"font-weight: 400;\">Apto para m\u00f3vil y c\u00e1mara<\/span><\/p>\n<p><span style=\"font-weight: 400;\">Un encuentro \u00edntimo y ritual bajo la luna llena.<\/span><span style=\"font-weight: 400;\"><br \/>\n<\/span><span style=\"font-weight: 400;\">Integraremos fotograf\u00eda intuitiva, escritura breve y presencia corporal.<\/span><span style=\"font-weight: 400;\"><br \/>\n<\/span><span style=\"font-weight: 400;\">Propuestas para conectar con el ciclo lunar, la emoci\u00f3n del momento y c\u00f3mo plasmarlo visualmente.<\/span><\/p>\n<p><span style=\"font-weight: 400;\">Ideal para quienes buscan una vivencia simb\u00f3lica, est\u00e9tica y de reconexi\u00f3n con el cuerpo y la imagen.<\/span><span style=\"font-weight: 400;\"><br \/>\n<\/span><span style=\"font-weight: 400;\">Caminaremos en silencio, con los sentidos atentos, y construiremos im\u00e1genes a partir de la contemplaci\u00f3n, la escucha y la noche.<\/span><span style=\"font-weight: 400;\"><br \/>\n<\/span><span style=\"font-weight: 400;\">Cerraremos con una ronda de intercambio y cierre grupal.<\/span><\/p>\n<p><span style=\"font-weight: 400;\">\u00a0No hace falta saber de t\u00e9cnica: ven a vivir una experiencia visual, corporal y po\u00e9tica bajo la luna<\/span><\/p>","protected":false},"excerpt":{"rendered":"<p>Apto para m\u00f3vil y c\u00e1mara Un encuentro \u00edntimo y ritual bajo la luna llena. Integraremos fotograf\u00eda intuitiva, escritura breve y presencia corporal. Propuestas para conectar con el ciclo lunar, la emoci\u00f3n del momento y c\u00f3mo plasmarlo visualmente. Ideal para quienes buscan una vivencia simb\u00f3lica, est\u00e9tica y de reconexi\u00f3n con el cuerpo y la imagen. Caminaremos [&hellip;]<\/p>","protected":false},"featured_media":5123,"comment_status":"closed","ping_status":"closed","template":"","meta":{"_acf_changed":false},"product_brand":[],"product_cat":[18],"product_tag":[],"class_list":{"0":"post-5106","1":"product","2":"type-product","3":"status-publish","4":"has-post-thumbnail","6":"product_cat-non-classe","8":"first","9":"instock","10":"shipping-taxable","11":"purchasable","12":"product-type-simple"},"acf":[],"yoast_head":"<!-- This site is optimized with the Yoast SEO plugin v25.6 - https:\/\/yoast.com\/wordpress\/plugins\/seo\/ -->\n<title>Ritual fotogr\u00e1fico de luna llena - Alenka Robine<\/title>\n<meta name=\"robots\" content=\"noindex, follow\" \/>\n<meta property=\"og:locale\" content=\"fr_FR\" \/>\n<meta property=\"og:type\" content=\"article\" \/>\n<meta property=\"og:title\" content=\"Ritual fotogr\u00e1fico de luna llena - Alenka Robine\" \/>\n<meta property=\"og:description\" content=\"Apto para m\u00f3vil y c\u00e1mara Un encuentro \u00edntimo y ritual bajo la luna llena. Integraremos fotograf\u00eda intuitiva, escritura breve y presencia corporal. Propuestas para conectar con el ciclo lunar, la emoci\u00f3n del momento y c\u00f3mo plasmarlo visualmente. Ideal para quienes buscan una vivencia simb\u00f3lica, est\u00e9tica y de reconexi\u00f3n con el cuerpo y la imagen. Caminaremos [&hellip;]\" \/>\n<meta property=\"og:url\" content=\"https:\/\/www.alenkarobine.com\/fr\/produit\/ritual-fotografico-de-luna-llena\/\" \/>\n<meta property=\"og:site_name\" content=\"Alenka Robine\" \/>\n<meta property=\"article:modified_time\" content=\"2025-07-07T06:26:42+00:00\" \/>\n<meta property=\"og:image\" content=\"https:\/\/www.alenkarobine.com\/wp-content\/uploads\/2025\/06\/lunallena.png\" \/>\n\t<meta property=\"og:image:width\" content=\"1208\" \/>\n\t<meta property=\"og:image:height\" content=\"904\" \/>\n\t<meta property=\"og:image:type\" content=\"image\/png\" \/>\n<meta name=\"twitter:card\" content=\"summary_large_image\" \/>\n<meta name=\"twitter:label1\" content=\"Dur\u00e9e de lecture estim\u00e9e\" \/>\n\t<meta name=\"twitter:data1\" content=\"1 minute\" \/>\n<script type=\"application\/ld+json\" class=\"yoast-schema-graph\">{\"@context\":\"https:\/\/schema.org\",\"@graph\":[{\"@type\":\"WebPage\",\"@id\":\"https:\/\/www.alenkarobine.com\/producto\/ritual-fotografico-de-luna-llena\/\",\"url\":\"https:\/\/www.alenkarobine.com\/producto\/ritual-fotografico-de-luna-llena\/\",\"name\":\"Ritual fotogr\u00e1fico de luna llena - Alenka Robine\",\"isPartOf\":{\"@id\":\"https:\/\/www.alenkarobine.com\/#website\"},\"primaryImageOfPage\":{\"@id\":\"https:\/\/www.alenkarobine.com\/producto\/ritual-fotografico-de-luna-llena\/#primaryimage\"},\"image\":{\"@id\":\"https:\/\/www.alenkarobine.com\/producto\/ritual-fotografico-de-luna-llena\/#primaryimage\"},\"thumbnailUrl\":\"https:\/\/www.alenkarobine.com\/wp-content\/uploads\/2025\/06\/lunallena.png\",\"datePublished\":\"2025-06-25T11:55:30+00:00\",\"dateModified\":\"2025-07-07T06:26:42+00:00\",\"breadcrumb\":{\"@id\":\"https:\/\/www.alenkarobine.com\/producto\/ritual-fotografico-de-luna-llena\/#breadcrumb\"},\"inLanguage\":\"fr-FR\",\"potentialAction\":[{\"@type\":\"ReadAction\",\"target\":[\"https:\/\/www.alenkarobine.com\/producto\/ritual-fotografico-de-luna-llena\/\"]}]},{\"@type\":\"ImageObject\",\"inLanguage\":\"fr-FR\",\"@id\":\"https:\/\/www.alenkarobine.com\/producto\/ritual-fotografico-de-luna-llena\/#primaryimage\",\"url\":\"https:\/\/www.alenkarobine.com\/wp-content\/uploads\/2025\/06\/lunallena.png\",\"contentUrl\":\"https:\/\/www.alenkarobine.com\/wp-content\/uploads\/2025\/06\/lunallena.png\",\"width\":1208,\"height\":904},{\"@type\":\"BreadcrumbList\",\"@id\":\"https:\/\/www.alenkarobine.com\/producto\/ritual-fotografico-de-luna-llena\/#breadcrumb\",\"itemListElement\":[{\"@type\":\"ListItem\",\"position\":1,\"name\":\"Home\",\"item\":\"https:\/\/www.alenkarobine.com\/\"},{\"@type\":\"ListItem\",\"position\":2,\"name\":\"Tienda\",\"item\":\"https:\/\/www.alenkarobine.com\/?page_id=196\"},{\"@type\":\"ListItem\",\"position\":3,\"name\":\"Ritual fotogr\u00e1fico de luna llena\"}]},{\"@type\":\"WebSite\",\"@id\":\"https:\/\/www.alenkarobine.com\/#website\",\"url\":\"https:\/\/www.alenkarobine.com\/\",\"name\":\"Alenka Robine\",\"description\":\"Alenka Robine, Normand\u00eda, Francia, es fot\u00f3grafa especializada en lo participativo y terap\u00e9utico, arteterapeuta transdisciplinar, facilitadora e investigadora mediante la imagen.\",\"potentialAction\":[{\"@type\":\"SearchAction\",\"target\":{\"@type\":\"EntryPoint\",\"urlTemplate\":\"https:\/\/www.alenkarobine.com\/?s={search_term_string}\"},\"query-input\":{\"@type\":\"PropertyValueSpecification\",\"valueRequired\":true,\"valueName\":\"search_term_string\"}}],\"inLanguage\":\"fr-FR\"}]}<\/script>\n<!-- \/ Yoast SEO plugin. -->","yoast_head_json":{"title":"Ritual fotogr\u00e1fico de luna llena - Alenka Robine","robots":{"index":"noindex","follow":"follow"},"og_locale":"fr_FR","og_type":"article","og_title":"Ritual fotogr\u00e1fico de luna llena - Alenka Robine","og_description":"Apto para m\u00f3vil y c\u00e1mara Un encuentro \u00edntimo y ritual bajo la luna llena. Integraremos fotograf\u00eda intuitiva, escritura breve y presencia corporal. Propuestas para conectar con el ciclo lunar, la emoci\u00f3n del momento y c\u00f3mo plasmarlo visualmente. Ideal para quienes buscan una vivencia simb\u00f3lica, est\u00e9tica y de reconexi\u00f3n con el cuerpo y la imagen. Caminaremos [&hellip;]","og_url":"https:\/\/www.alenkarobine.com\/fr\/produit\/ritual-fotografico-de-luna-llena\/","og_site_name":"Alenka Robine","article_modified_time":"2025-07-07T06:26:42+00:00","og_image":[{"width":1208,"height":904,"url":"https:\/\/www.alenkarobine.com\/wp-content\/uploads\/2025\/06\/lunallena.png","type":"image\/png"}],"twitter_card":"summary_large_image","twitter_misc":{"Dur\u00e9e de lecture estim\u00e9e":"1 minute"},"schema":{"@context":"https:\/\/schema.org","@graph":[{"@type":"WebPage","@id":"https:\/\/www.alenkarobine.com\/producto\/ritual-fotografico-de-luna-llena\/","url":"https:\/\/www.alenkarobine.com\/producto\/ritual-fotografico-de-luna-llena\/","name":"Ritual fotogr\u00e1fico de luna llena - Alenka Robine","isPartOf":{"@id":"https:\/\/www.alenkarobine.com\/#website"},"primaryImageOfPage":{"@id":"https:\/\/www.alenkarobine.com\/producto\/ritual-fotografico-de-luna-llena\/#primaryimage"},"image":{"@id":"https:\/\/www.alenkarobine.com\/producto\/ritual-fotografico-de-luna-llena\/#primaryimage"},"thumbnailUrl":"https:\/\/www.alenkarobine.com\/wp-content\/uploads\/2025\/06\/lunallena.png","datePublished":"2025-06-25T11:55:30+00:00","dateModified":"2025-07-07T06:26:42+00:00","breadcrumb":{"@id":"https:\/\/www.alenkarobine.com\/producto\/ritual-fotografico-de-luna-llena\/#breadcrumb"},"inLanguage":"fr-FR","potentialAction":[{"@type":"ReadAction","target":["https:\/\/www.alenkarobine.com\/producto\/ritual-fotografico-de-luna-llena\/"]}]},{"@type":"ImageObject","inLanguage":"fr-FR","@id":"https:\/\/www.alenkarobine.com\/producto\/ritual-fotografico-de-luna-llena\/#primaryimage","url":"https:\/\/www.alenkarobine.com\/wp-content\/uploads\/2025\/06\/lunallena.png","contentUrl":"https:\/\/www.alenkarobine.com\/wp-content\/uploads\/2025\/06\/lunallena.png","width":1208,"height":904},{"@type":"BreadcrumbList","@id":"https:\/\/www.alenkarobine.com\/producto\/ritual-fotografico-de-luna-llena\/#breadcrumb","itemListElement":[{"@type":"ListItem","position":1,"name":"Home","item":"https:\/\/www.alenkarobine.com\/"},{"@type":"ListItem","position":2,"name":"Tienda","item":"https:\/\/www.alenkarobine.com\/?page_id=196"},{"@type":"ListItem","position":3,"name":"Ritual fotogr\u00e1fico de luna llena"}]},{"@type":"WebSite","@id":"https:\/\/www.alenkarobine.com\/#website","url":"https:\/\/www.alenkarobine.com\/","name":"Alenka Robine","description":"Alenka Robine, Normand\u00eda, Francia, es fot\u00f3grafa especializada en lo participativo y terap\u00e9utico, arteterapeuta transdisciplinar, facilitadora e investigadora mediante la imagen.","potentialAction":[{"@type":"SearchAction","target":{"@type":"EntryPoint","urlTemplate":"https:\/\/www.alenkarobine.com\/?s={search_term_string}"},"query-input":{"@type":"PropertyValueSpecification","valueRequired":true,"valueName":"search_term_string"}}],"inLanguage":"fr-FR"}]}},"_links":{"self":[{"href":"https:\/\/www.alenkarobine.com\/fr\/wp-json\/wp\/v2\/product\/5106","targetHints":{"allow":["GET"]}}],"collection":[{"href":"https:\/\/www.alenkarobine.com\/fr\/wp-json\/wp\/v2\/product"}],"about":[{"href":"https:\/\/www.alenkarobine.com\/fr\/wp-json\/wp\/v2\/types\/product"}],"replies":[{"embeddable":true,"href":"https:\/\/www.alenkarobine.com\/fr\/wp-json\/wp\/v2\/comments?post=5106"}],"wp:featuredmedia":[{"embeddable":true,"href":"https:\/\/www.alenkarobine.com\/fr\/wp-json\/wp\/v2\/media\/5123"}],"wp:attachment":[{"href":"https:\/\/www.alenkarobine.com\/fr\/wp-json\/wp\/v2\/media?parent=5106"}],"wp:term":[{"taxonomy":"product_brand","embeddable":true,"href":"https:\/\/www.alenkarobine.com\/fr\/wp-json\/wp\/v2\/product_brand?post=5106"},{"taxonomy":"product_cat","embeddable":true,"href":"https:\/\/www.alenkarobine.com\/fr\/wp-json\/wp\/v2\/product_cat?post=5106"},{"taxonomy":"product_tag","embeddable":true,"href":"https:\/\/www.alenkarobine.com\/fr\/wp-json\/wp\/v2\/product_tag?post=5106"}],"curies":[{"name":"wp","href":"https:\/\/api.w.org\/{rel}","templated":true}]}}