{"id":5105,"date":"2025-06-26T13:55:27","date_gmt":"2025-06-26T11:55:27","guid":{"rendered":"https:\/\/www.alenkarobine.com\/?post_type=product&#038;p=5105"},"modified":"2025-06-30T09:05:19","modified_gmt":"2025-06-30T07:05:19","slug":"smartphone-con-conciencia-fotografica","status":"publish","type":"product","link":"https:\/\/www.alenkarobine.com\/fr\/produit\/smartphone-con-conciencia-fotografica\/","title":{"rendered":"Smartphone avec une conscience photographique"},"content":{"rendered":"<p><span style=\"font-weight: 400;\">Aprende a sacar partido a la c\u00e1mara de tu m\u00f3vil con un enfoque expresivo y art\u00edstico.<\/span><span style=\"font-weight: 400;\"><br \/>\n<\/span><span style=\"font-weight: 400;\">Veremos luz natural, enfoque manual, composici\u00f3n y apps \u00fatiles.<\/span><\/p>\n<p><span style=\"font-weight: 400;\">Pero sobre todo, vamos a entrenar la presencia.<\/span><span style=\"font-weight: 400;\"><br \/>\n<\/span><span style=\"font-weight: 400;\">C\u00f3mo usar la c\u00e1mara como excusa para parar, observar, conectar con lo que nos rodea y con nosotras mismas.<\/span><span style=\"font-weight: 400;\"><br \/>\n<\/span><span style=\"font-weight: 400;\">Haremos un paseo guiado, con propuestas pr\u00e1cticas y un cierre compartido.<\/span><\/p>\n<p><span style=\"font-weight: 400;\">Un encuentro para explorar la fotograf\u00eda con el m\u00f3vil desde una mirada m\u00e1s consciente, presente y po\u00e9tica.<\/span><span style=\"font-weight: 400;\"><br \/>\n<\/span><span style=\"font-weight: 400;\">Veremos composici\u00f3n, luz, encuadre, intenci\u00f3n y narrativa.<\/span><span style=\"font-weight: 400;\"><br \/>\n<\/span><span style=\"font-weight: 400;\">No se trata solo de hacer \u201cmejores fotos\u201d, sino de abrir la mirada a lo cotidiano y crear desde lo que sentimos.<\/span><\/p>\n<p><span style=\"font-weight: 400;\">No es necesario tener ninguna app especial, lo veremos todo all\u00ed.<\/span><\/p>","protected":false},"excerpt":{"rendered":"<p>Aprende a sacar partido a la c\u00e1mara de tu m\u00f3vil con un enfoque expresivo y art\u00edstico. Veremos luz natural, enfoque manual, composici\u00f3n y apps \u00fatiles. Pero sobre todo, vamos a entrenar la presencia. C\u00f3mo usar la c\u00e1mara como excusa para parar, observar, conectar con lo que nos rodea y con nosotras mismas. Haremos un paseo [&hellip;]<\/p>","protected":false},"featured_media":5121,"comment_status":"closed","ping_status":"closed","template":"","meta":{"_acf_changed":false},"product_brand":[],"product_cat":[18],"product_tag":[],"class_list":{"0":"post-5105","1":"product","2":"type-product","3":"status-publish","4":"has-post-thumbnail","6":"product_cat-non-classe","8":"first","9":"instock","10":"shipping-taxable","11":"purchasable","12":"product-type-simple"},"acf":[],"yoast_head":"<!-- This site is optimized with the Yoast SEO plugin v25.6 - https:\/\/yoast.com\/wordpress\/plugins\/seo\/ -->\n<title>Smartphone con conciencia fotogr\u00e1fica - Alenka Robine<\/title>\n<meta name=\"robots\" content=\"noindex, follow\" \/>\n<meta property=\"og:locale\" content=\"fr_FR\" \/>\n<meta property=\"og:type\" content=\"article\" \/>\n<meta property=\"og:title\" content=\"Smartphone con conciencia fotogr\u00e1fica - Alenka Robine\" \/>\n<meta property=\"og:description\" content=\"Aprende a sacar partido a la c\u00e1mara de tu m\u00f3vil con un enfoque expresivo y art\u00edstico. Veremos luz natural, enfoque manual, composici\u00f3n y apps \u00fatiles. Pero sobre todo, vamos a entrenar la presencia. C\u00f3mo usar la c\u00e1mara como excusa para parar, observar, conectar con lo que nos rodea y con nosotras mismas. Haremos un paseo [&hellip;]\" \/>\n<meta property=\"og:url\" content=\"https:\/\/www.alenkarobine.com\/fr\/produit\/smartphone-con-conciencia-fotografica\/\" \/>\n<meta property=\"og:site_name\" content=\"Alenka Robine\" \/>\n<meta property=\"article:modified_time\" content=\"2025-06-30T07:05:19+00:00\" \/>\n<meta property=\"og:image\" content=\"https:\/\/www.alenkarobine.com\/wp-content\/uploads\/2025\/06\/camara-movil.png\" \/>\n\t<meta property=\"og:image:width\" content=\"908\" \/>\n\t<meta property=\"og:image:height\" content=\"1226\" \/>\n\t<meta property=\"og:image:type\" content=\"image\/png\" \/>\n<meta name=\"twitter:card\" content=\"summary_large_image\" \/>\n<meta name=\"twitter:label1\" content=\"Dur\u00e9e de lecture estim\u00e9e\" \/>\n\t<meta name=\"twitter:data1\" content=\"1 minute\" \/>\n<script type=\"application\/ld+json\" class=\"yoast-schema-graph\">{\"@context\":\"https:\/\/schema.org\",\"@graph\":[{\"@type\":\"WebPage\",\"@id\":\"https:\/\/www.alenkarobine.com\/producto\/smartphone-con-conciencia-fotografica\/\",\"url\":\"https:\/\/www.alenkarobine.com\/producto\/smartphone-con-conciencia-fotografica\/\",\"name\":\"Smartphone con conciencia fotogr\u00e1fica - Alenka Robine\",\"isPartOf\":{\"@id\":\"https:\/\/www.alenkarobine.com\/#website\"},\"primaryImageOfPage\":{\"@id\":\"https:\/\/www.alenkarobine.com\/producto\/smartphone-con-conciencia-fotografica\/#primaryimage\"},\"image\":{\"@id\":\"https:\/\/www.alenkarobine.com\/producto\/smartphone-con-conciencia-fotografica\/#primaryimage\"},\"thumbnailUrl\":\"https:\/\/www.alenkarobine.com\/wp-content\/uploads\/2025\/06\/camara-movil.png\",\"datePublished\":\"2025-06-26T11:55:27+00:00\",\"dateModified\":\"2025-06-30T07:05:19+00:00\",\"breadcrumb\":{\"@id\":\"https:\/\/www.alenkarobine.com\/producto\/smartphone-con-conciencia-fotografica\/#breadcrumb\"},\"inLanguage\":\"fr-FR\",\"potentialAction\":[{\"@type\":\"ReadAction\",\"target\":[\"https:\/\/www.alenkarobine.com\/producto\/smartphone-con-conciencia-fotografica\/\"]}]},{\"@type\":\"ImageObject\",\"inLanguage\":\"fr-FR\",\"@id\":\"https:\/\/www.alenkarobine.com\/producto\/smartphone-con-conciencia-fotografica\/#primaryimage\",\"url\":\"https:\/\/www.alenkarobine.com\/wp-content\/uploads\/2025\/06\/camara-movil.png\",\"contentUrl\":\"https:\/\/www.alenkarobine.com\/wp-content\/uploads\/2025\/06\/camara-movil.png\",\"width\":908,\"height\":1226},{\"@type\":\"BreadcrumbList\",\"@id\":\"https:\/\/www.alenkarobine.com\/producto\/smartphone-con-conciencia-fotografica\/#breadcrumb\",\"itemListElement\":[{\"@type\":\"ListItem\",\"position\":1,\"name\":\"Home\",\"item\":\"https:\/\/www.alenkarobine.com\/\"},{\"@type\":\"ListItem\",\"position\":2,\"name\":\"Tienda\",\"item\":\"https:\/\/www.alenkarobine.com\/?page_id=196\"},{\"@type\":\"ListItem\",\"position\":3,\"name\":\"Smartphone con conciencia fotogr\u00e1fica\"}]},{\"@type\":\"WebSite\",\"@id\":\"https:\/\/www.alenkarobine.com\/#website\",\"url\":\"https:\/\/www.alenkarobine.com\/\",\"name\":\"Alenka Robine\",\"description\":\"Alenka Robine, Normand\u00eda, Francia, es fot\u00f3grafa especializada en lo participativo y terap\u00e9utico, arteterapeuta transdisciplinar, facilitadora e investigadora mediante la imagen.\",\"potentialAction\":[{\"@type\":\"SearchAction\",\"target\":{\"@type\":\"EntryPoint\",\"urlTemplate\":\"https:\/\/www.alenkarobine.com\/?s={search_term_string}\"},\"query-input\":{\"@type\":\"PropertyValueSpecification\",\"valueRequired\":true,\"valueName\":\"search_term_string\"}}],\"inLanguage\":\"fr-FR\"}]}<\/script>\n<!-- \/ Yoast SEO plugin. -->","yoast_head_json":{"title":"Smartphone con conciencia fotogr\u00e1fica - Alenka Robine","robots":{"index":"noindex","follow":"follow"},"og_locale":"fr_FR","og_type":"article","og_title":"Smartphone con conciencia fotogr\u00e1fica - Alenka Robine","og_description":"Aprende a sacar partido a la c\u00e1mara de tu m\u00f3vil con un enfoque expresivo y art\u00edstico. Veremos luz natural, enfoque manual, composici\u00f3n y apps \u00fatiles. Pero sobre todo, vamos a entrenar la presencia. C\u00f3mo usar la c\u00e1mara como excusa para parar, observar, conectar con lo que nos rodea y con nosotras mismas. Haremos un paseo [&hellip;]","og_url":"https:\/\/www.alenkarobine.com\/fr\/produit\/smartphone-con-conciencia-fotografica\/","og_site_name":"Alenka Robine","article_modified_time":"2025-06-30T07:05:19+00:00","og_image":[{"width":908,"height":1226,"url":"https:\/\/www.alenkarobine.com\/wp-content\/uploads\/2025\/06\/camara-movil.png","type":"image\/png"}],"twitter_card":"summary_large_image","twitter_misc":{"Dur\u00e9e de lecture estim\u00e9e":"1 minute"},"schema":{"@context":"https:\/\/schema.org","@graph":[{"@type":"WebPage","@id":"https:\/\/www.alenkarobine.com\/producto\/smartphone-con-conciencia-fotografica\/","url":"https:\/\/www.alenkarobine.com\/producto\/smartphone-con-conciencia-fotografica\/","name":"Smartphone con conciencia fotogr\u00e1fica - Alenka Robine","isPartOf":{"@id":"https:\/\/www.alenkarobine.com\/#website"},"primaryImageOfPage":{"@id":"https:\/\/www.alenkarobine.com\/producto\/smartphone-con-conciencia-fotografica\/#primaryimage"},"image":{"@id":"https:\/\/www.alenkarobine.com\/producto\/smartphone-con-conciencia-fotografica\/#primaryimage"},"thumbnailUrl":"https:\/\/www.alenkarobine.com\/wp-content\/uploads\/2025\/06\/camara-movil.png","datePublished":"2025-06-26T11:55:27+00:00","dateModified":"2025-06-30T07:05:19+00:00","breadcrumb":{"@id":"https:\/\/www.alenkarobine.com\/producto\/smartphone-con-conciencia-fotografica\/#breadcrumb"},"inLanguage":"fr-FR","potentialAction":[{"@type":"ReadAction","target":["https:\/\/www.alenkarobine.com\/producto\/smartphone-con-conciencia-fotografica\/"]}]},{"@type":"ImageObject","inLanguage":"fr-FR","@id":"https:\/\/www.alenkarobine.com\/producto\/smartphone-con-conciencia-fotografica\/#primaryimage","url":"https:\/\/www.alenkarobine.com\/wp-content\/uploads\/2025\/06\/camara-movil.png","contentUrl":"https:\/\/www.alenkarobine.com\/wp-content\/uploads\/2025\/06\/camara-movil.png","width":908,"height":1226},{"@type":"BreadcrumbList","@id":"https:\/\/www.alenkarobine.com\/producto\/smartphone-con-conciencia-fotografica\/#breadcrumb","itemListElement":[{"@type":"ListItem","position":1,"name":"Home","item":"https:\/\/www.alenkarobine.com\/"},{"@type":"ListItem","position":2,"name":"Tienda","item":"https:\/\/www.alenkarobine.com\/?page_id=196"},{"@type":"ListItem","position":3,"name":"Smartphone con conciencia fotogr\u00e1fica"}]},{"@type":"WebSite","@id":"https:\/\/www.alenkarobine.com\/#website","url":"https:\/\/www.alenkarobine.com\/","name":"Alenka Robine","description":"Alenka Robine, Normand\u00eda, Francia, es fot\u00f3grafa especializada en lo participativo y terap\u00e9utico, arteterapeuta transdisciplinar, facilitadora e investigadora mediante la imagen.","potentialAction":[{"@type":"SearchAction","target":{"@type":"EntryPoint","urlTemplate":"https:\/\/www.alenkarobine.com\/?s={search_term_string}"},"query-input":{"@type":"PropertyValueSpecification","valueRequired":true,"valueName":"search_term_string"}}],"inLanguage":"fr-FR"}]}},"_links":{"self":[{"href":"https:\/\/www.alenkarobine.com\/fr\/wp-json\/wp\/v2\/product\/5105","targetHints":{"allow":["GET"]}}],"collection":[{"href":"https:\/\/www.alenkarobine.com\/fr\/wp-json\/wp\/v2\/product"}],"about":[{"href":"https:\/\/www.alenkarobine.com\/fr\/wp-json\/wp\/v2\/types\/product"}],"replies":[{"embeddable":true,"href":"https:\/\/www.alenkarobine.com\/fr\/wp-json\/wp\/v2\/comments?post=5105"}],"wp:featuredmedia":[{"embeddable":true,"href":"https:\/\/www.alenkarobine.com\/fr\/wp-json\/wp\/v2\/media\/5121"}],"wp:attachment":[{"href":"https:\/\/www.alenkarobine.com\/fr\/wp-json\/wp\/v2\/media?parent=5105"}],"wp:term":[{"taxonomy":"product_brand","embeddable":true,"href":"https:\/\/www.alenkarobine.com\/fr\/wp-json\/wp\/v2\/product_brand?post=5105"},{"taxonomy":"product_cat","embeddable":true,"href":"https:\/\/www.alenkarobine.com\/fr\/wp-json\/wp\/v2\/product_cat?post=5105"},{"taxonomy":"product_tag","embeddable":true,"href":"https:\/\/www.alenkarobine.com\/fr\/wp-json\/wp\/v2\/product_tag?post=5105"}],"curies":[{"name":"wp","href":"https:\/\/api.w.org\/{rel}","templated":true}]}}