{"id":5104,"date":"2025-06-26T13:55:27","date_gmt":"2025-06-26T11:55:27","guid":{"rendered":"https:\/\/www.alenkarobine.com\/?post_type=product&#038;p=5104"},"modified":"2025-06-30T09:04:43","modified_gmt":"2025-06-30T07:04:43","slug":"camara-reflex-primeras-herramientas-para-una-mirada-personal","status":"publish","type":"product","link":"https:\/\/www.alenkarobine.com\/fr\/produit\/camara-reflex-primeras-herramientas-para-una-mirada-personal\/","title":{"rendered":"Appareil photo reflex : premiers outils pour un regard personnel"},"content":{"rendered":"<p><span style=\"font-weight: 400;\">Un taller t\u00e9cnico y creativo para quienes tienen c\u00e1mara r\u00e9flex o similar.<\/span><span style=\"font-weight: 400;\"><br \/>\n<\/span><span style=\"font-weight: 400;\">Veremos los pilares fundamentales (modo manual, apertura, velocidad, ISO) desde un enfoque sensible y narrativo.<\/span><\/p>\n<p><span style=\"font-weight: 400;\">Haremos ejercicios pr\u00e1cticos sobre c\u00f3mo transmitir emoci\u00f3n, atm\u00f3sfera e intenci\u00f3n desde los ajustes t\u00e9cnicos.<\/span><span style=\"font-weight: 400;\"><br \/>\n<\/span><span style=\"font-weight: 400;\">Nos sentaremos un rato en el c\u00e9sped para revisar fotos y compartir sentires.<\/span><\/p>\n<p><span style=\"font-weight: 400;\">Una propuesta para introducirte al lenguaje fotogr\u00e1fico con c\u00e1mara r\u00e9flex o mirrorless.<\/span><span style=\"font-weight: 400;\"><br \/>\n<\/span><span style=\"font-weight: 400;\">Veremos los principales ajustes y nociones b\u00e1sicas de composici\u00f3n y luz natural.<\/span><span style=\"font-weight: 400;\"><br \/>\n<\/span><span style=\"font-weight: 400;\">Ideal para quienes quieren salir del modo autom\u00e1tico y empezar a contar historias con su c\u00e1mara.<\/span><\/p>\n<p><span style=\"font-weight: 400;\">Te llevar\u00e1s un mapa t\u00e9cnico claro y accesible para iniciarte en el mundo fotogr\u00e1fico desde tu propia mirada.<\/span><\/p>","protected":false},"excerpt":{"rendered":"<p>Un taller t\u00e9cnico y creativo para quienes tienen c\u00e1mara r\u00e9flex o similar. Veremos los pilares fundamentales (modo manual, apertura, velocidad, ISO) desde un enfoque sensible y narrativo. Haremos ejercicios pr\u00e1cticos sobre c\u00f3mo transmitir emoci\u00f3n, atm\u00f3sfera e intenci\u00f3n desde los ajustes t\u00e9cnicos. Nos sentaremos un rato en el c\u00e9sped para revisar fotos y compartir sentires. Una [&hellip;]<\/p>","protected":false},"featured_media":5122,"comment_status":"closed","ping_status":"closed","template":"","meta":{"_acf_changed":false},"product_brand":[],"product_cat":[18],"product_tag":[],"class_list":{"0":"post-5104","1":"product","2":"type-product","3":"status-publish","4":"has-post-thumbnail","6":"product_cat-non-classe","8":"first","9":"instock","10":"shipping-taxable","11":"purchasable","12":"product-type-simple"},"acf":[],"yoast_head":"<!-- This site is optimized with the Yoast SEO plugin v25.6 - https:\/\/yoast.com\/wordpress\/plugins\/seo\/ -->\n<title>C\u00e1mara r\u00e9flex: primeras herramientas para una mirada personal - Alenka Robine<\/title>\n<meta name=\"robots\" content=\"noindex, follow\" \/>\n<meta property=\"og:locale\" content=\"fr_FR\" \/>\n<meta property=\"og:type\" content=\"article\" \/>\n<meta property=\"og:title\" content=\"C\u00e1mara r\u00e9flex: primeras herramientas para una mirada personal - Alenka Robine\" \/>\n<meta property=\"og:description\" content=\"Un taller t\u00e9cnico y creativo para quienes tienen c\u00e1mara r\u00e9flex o similar. Veremos los pilares fundamentales (modo manual, apertura, velocidad, ISO) desde un enfoque sensible y narrativo. Haremos ejercicios pr\u00e1cticos sobre c\u00f3mo transmitir emoci\u00f3n, atm\u00f3sfera e intenci\u00f3n desde los ajustes t\u00e9cnicos. Nos sentaremos un rato en el c\u00e9sped para revisar fotos y compartir sentires. Una [&hellip;]\" \/>\n<meta property=\"og:url\" content=\"https:\/\/www.alenkarobine.com\/fr\/produit\/camara-reflex-primeras-herramientas-para-una-mirada-personal\/\" \/>\n<meta property=\"og:site_name\" content=\"Alenka Robine\" \/>\n<meta property=\"article:modified_time\" content=\"2025-06-30T07:04:43+00:00\" \/>\n<meta property=\"og:image\" content=\"https:\/\/www.alenkarobine.com\/wp-content\/uploads\/2025\/06\/camara-reflex.png\" \/>\n\t<meta property=\"og:image:width\" content=\"1202\" \/>\n\t<meta property=\"og:image:height\" content=\"1078\" \/>\n\t<meta property=\"og:image:type\" content=\"image\/png\" \/>\n<meta name=\"twitter:card\" content=\"summary_large_image\" \/>\n<meta name=\"twitter:label1\" content=\"Dur\u00e9e de lecture estim\u00e9e\" \/>\n\t<meta name=\"twitter:data1\" content=\"1 minute\" \/>\n<script type=\"application\/ld+json\" class=\"yoast-schema-graph\">{\"@context\":\"https:\/\/schema.org\",\"@graph\":[{\"@type\":\"WebPage\",\"@id\":\"https:\/\/www.alenkarobine.com\/producto\/camara-reflex-primeras-herramientas-para-una-mirada-personal\/\",\"url\":\"https:\/\/www.alenkarobine.com\/producto\/camara-reflex-primeras-herramientas-para-una-mirada-personal\/\",\"name\":\"C\u00e1mara r\u00e9flex: primeras herramientas para una mirada personal - Alenka Robine\",\"isPartOf\":{\"@id\":\"https:\/\/www.alenkarobine.com\/#website\"},\"primaryImageOfPage\":{\"@id\":\"https:\/\/www.alenkarobine.com\/producto\/camara-reflex-primeras-herramientas-para-una-mirada-personal\/#primaryimage\"},\"image\":{\"@id\":\"https:\/\/www.alenkarobine.com\/producto\/camara-reflex-primeras-herramientas-para-una-mirada-personal\/#primaryimage\"},\"thumbnailUrl\":\"https:\/\/www.alenkarobine.com\/wp-content\/uploads\/2025\/06\/camara-reflex.png\",\"datePublished\":\"2025-06-26T11:55:27+00:00\",\"dateModified\":\"2025-06-30T07:04:43+00:00\",\"breadcrumb\":{\"@id\":\"https:\/\/www.alenkarobine.com\/producto\/camara-reflex-primeras-herramientas-para-una-mirada-personal\/#breadcrumb\"},\"inLanguage\":\"fr-FR\",\"potentialAction\":[{\"@type\":\"ReadAction\",\"target\":[\"https:\/\/www.alenkarobine.com\/producto\/camara-reflex-primeras-herramientas-para-una-mirada-personal\/\"]}]},{\"@type\":\"ImageObject\",\"inLanguage\":\"fr-FR\",\"@id\":\"https:\/\/www.alenkarobine.com\/producto\/camara-reflex-primeras-herramientas-para-una-mirada-personal\/#primaryimage\",\"url\":\"https:\/\/www.alenkarobine.com\/wp-content\/uploads\/2025\/06\/camara-reflex.png\",\"contentUrl\":\"https:\/\/www.alenkarobine.com\/wp-content\/uploads\/2025\/06\/camara-reflex.png\",\"width\":1202,\"height\":1078},{\"@type\":\"BreadcrumbList\",\"@id\":\"https:\/\/www.alenkarobine.com\/producto\/camara-reflex-primeras-herramientas-para-una-mirada-personal\/#breadcrumb\",\"itemListElement\":[{\"@type\":\"ListItem\",\"position\":1,\"name\":\"Home\",\"item\":\"https:\/\/www.alenkarobine.com\/\"},{\"@type\":\"ListItem\",\"position\":2,\"name\":\"Tienda\",\"item\":\"https:\/\/www.alenkarobine.com\/?page_id=196\"},{\"@type\":\"ListItem\",\"position\":3,\"name\":\"C\u00e1mara r\u00e9flex: primeras herramientas para una mirada personal\"}]},{\"@type\":\"WebSite\",\"@id\":\"https:\/\/www.alenkarobine.com\/#website\",\"url\":\"https:\/\/www.alenkarobine.com\/\",\"name\":\"Alenka Robine\",\"description\":\"Alenka Robine, Normand\u00eda, Francia, es fot\u00f3grafa especializada en lo participativo y terap\u00e9utico, arteterapeuta transdisciplinar, facilitadora e investigadora mediante la imagen.\",\"potentialAction\":[{\"@type\":\"SearchAction\",\"target\":{\"@type\":\"EntryPoint\",\"urlTemplate\":\"https:\/\/www.alenkarobine.com\/?s={search_term_string}\"},\"query-input\":{\"@type\":\"PropertyValueSpecification\",\"valueRequired\":true,\"valueName\":\"search_term_string\"}}],\"inLanguage\":\"fr-FR\"}]}<\/script>\n<!-- \/ Yoast SEO plugin. -->","yoast_head_json":{"title":"C\u00e1mara r\u00e9flex: primeras herramientas para una mirada personal - Alenka Robine","robots":{"index":"noindex","follow":"follow"},"og_locale":"fr_FR","og_type":"article","og_title":"C\u00e1mara r\u00e9flex: primeras herramientas para una mirada personal - Alenka Robine","og_description":"Un taller t\u00e9cnico y creativo para quienes tienen c\u00e1mara r\u00e9flex o similar. Veremos los pilares fundamentales (modo manual, apertura, velocidad, ISO) desde un enfoque sensible y narrativo. Haremos ejercicios pr\u00e1cticos sobre c\u00f3mo transmitir emoci\u00f3n, atm\u00f3sfera e intenci\u00f3n desde los ajustes t\u00e9cnicos. Nos sentaremos un rato en el c\u00e9sped para revisar fotos y compartir sentires. Una [&hellip;]","og_url":"https:\/\/www.alenkarobine.com\/fr\/produit\/camara-reflex-primeras-herramientas-para-una-mirada-personal\/","og_site_name":"Alenka Robine","article_modified_time":"2025-06-30T07:04:43+00:00","og_image":[{"width":1202,"height":1078,"url":"https:\/\/www.alenkarobine.com\/wp-content\/uploads\/2025\/06\/camara-reflex.png","type":"image\/png"}],"twitter_card":"summary_large_image","twitter_misc":{"Dur\u00e9e de lecture estim\u00e9e":"1 minute"},"schema":{"@context":"https:\/\/schema.org","@graph":[{"@type":"WebPage","@id":"https:\/\/www.alenkarobine.com\/producto\/camara-reflex-primeras-herramientas-para-una-mirada-personal\/","url":"https:\/\/www.alenkarobine.com\/producto\/camara-reflex-primeras-herramientas-para-una-mirada-personal\/","name":"C\u00e1mara r\u00e9flex: primeras herramientas para una mirada personal - Alenka Robine","isPartOf":{"@id":"https:\/\/www.alenkarobine.com\/#website"},"primaryImageOfPage":{"@id":"https:\/\/www.alenkarobine.com\/producto\/camara-reflex-primeras-herramientas-para-una-mirada-personal\/#primaryimage"},"image":{"@id":"https:\/\/www.alenkarobine.com\/producto\/camara-reflex-primeras-herramientas-para-una-mirada-personal\/#primaryimage"},"thumbnailUrl":"https:\/\/www.alenkarobine.com\/wp-content\/uploads\/2025\/06\/camara-reflex.png","datePublished":"2025-06-26T11:55:27+00:00","dateModified":"2025-06-30T07:04:43+00:00","breadcrumb":{"@id":"https:\/\/www.alenkarobine.com\/producto\/camara-reflex-primeras-herramientas-para-una-mirada-personal\/#breadcrumb"},"inLanguage":"fr-FR","potentialAction":[{"@type":"ReadAction","target":["https:\/\/www.alenkarobine.com\/producto\/camara-reflex-primeras-herramientas-para-una-mirada-personal\/"]}]},{"@type":"ImageObject","inLanguage":"fr-FR","@id":"https:\/\/www.alenkarobine.com\/producto\/camara-reflex-primeras-herramientas-para-una-mirada-personal\/#primaryimage","url":"https:\/\/www.alenkarobine.com\/wp-content\/uploads\/2025\/06\/camara-reflex.png","contentUrl":"https:\/\/www.alenkarobine.com\/wp-content\/uploads\/2025\/06\/camara-reflex.png","width":1202,"height":1078},{"@type":"BreadcrumbList","@id":"https:\/\/www.alenkarobine.com\/producto\/camara-reflex-primeras-herramientas-para-una-mirada-personal\/#breadcrumb","itemListElement":[{"@type":"ListItem","position":1,"name":"Home","item":"https:\/\/www.alenkarobine.com\/"},{"@type":"ListItem","position":2,"name":"Tienda","item":"https:\/\/www.alenkarobine.com\/?page_id=196"},{"@type":"ListItem","position":3,"name":"C\u00e1mara r\u00e9flex: primeras herramientas para una mirada personal"}]},{"@type":"WebSite","@id":"https:\/\/www.alenkarobine.com\/#website","url":"https:\/\/www.alenkarobine.com\/","name":"Alenka Robine","description":"Alenka Robine, Normand\u00eda, Francia, es fot\u00f3grafa especializada en lo participativo y terap\u00e9utico, arteterapeuta transdisciplinar, facilitadora e investigadora mediante la imagen.","potentialAction":[{"@type":"SearchAction","target":{"@type":"EntryPoint","urlTemplate":"https:\/\/www.alenkarobine.com\/?s={search_term_string}"},"query-input":{"@type":"PropertyValueSpecification","valueRequired":true,"valueName":"search_term_string"}}],"inLanguage":"fr-FR"}]}},"_links":{"self":[{"href":"https:\/\/www.alenkarobine.com\/fr\/wp-json\/wp\/v2\/product\/5104","targetHints":{"allow":["GET"]}}],"collection":[{"href":"https:\/\/www.alenkarobine.com\/fr\/wp-json\/wp\/v2\/product"}],"about":[{"href":"https:\/\/www.alenkarobine.com\/fr\/wp-json\/wp\/v2\/types\/product"}],"replies":[{"embeddable":true,"href":"https:\/\/www.alenkarobine.com\/fr\/wp-json\/wp\/v2\/comments?post=5104"}],"wp:featuredmedia":[{"embeddable":true,"href":"https:\/\/www.alenkarobine.com\/fr\/wp-json\/wp\/v2\/media\/5122"}],"wp:attachment":[{"href":"https:\/\/www.alenkarobine.com\/fr\/wp-json\/wp\/v2\/media?parent=5104"}],"wp:term":[{"taxonomy":"product_brand","embeddable":true,"href":"https:\/\/www.alenkarobine.com\/fr\/wp-json\/wp\/v2\/product_brand?post=5104"},{"taxonomy":"product_cat","embeddable":true,"href":"https:\/\/www.alenkarobine.com\/fr\/wp-json\/wp\/v2\/product_cat?post=5104"},{"taxonomy":"product_tag","embeddable":true,"href":"https:\/\/www.alenkarobine.com\/fr\/wp-json\/wp\/v2\/product_tag?post=5104"}],"curies":[{"name":"wp","href":"https:\/\/api.w.org\/{rel}","templated":true}]}}