{"id":5102,"date":"2025-06-25T13:54:39","date_gmt":"2025-06-25T11:54:39","guid":{"rendered":"https:\/\/www.alenkarobine.com\/?post_type=product&#038;p=5102"},"modified":"2025-06-30T09:06:18","modified_gmt":"2025-06-30T07:06:18","slug":"fotografia-bienestar-y-cuerpo","status":"publish","type":"product","link":"https:\/\/www.alenkarobine.com\/fr\/produit\/fotografia-bienestar-y-cuerpo\/","title":{"rendered":"Photographie, bien-\u00eatre et corps"},"content":{"rendered":"<p><span style=\"font-weight: 400;\">Apto para c\u00e1maras r\u00e9flex, compactas y m\u00f3viles<\/span><\/p>\n<p><span style=\"font-weight: 400;\">Una salida grupal para reconectar con el cuerpo y la mirada a trav\u00e9s de la fotograf\u00eda.<\/span><span style=\"font-weight: 400;\"><br \/>\n<\/span><span style=\"font-weight: 400;\">Trabajaremos t\u00e9cnicas b\u00e1sicas de enfoque y exposici\u00f3n, pero tambi\u00e9n activaremos una atenci\u00f3n sensible al entorno y a nuestras emociones.<\/span><\/p>\n<p><span style=\"font-weight: 400;\">Exploraremos c\u00f3mo mirar desde lo interno, c\u00f3mo acompa\u00f1ar el momento presente y c\u00f3mo fotografiar desde un lugar de escucha.<\/span><span style=\"font-weight: 400;\"><br \/>\n<\/span><span style=\"font-weight: 400;\">Finalizamos con un momento compartido para revisar im\u00e1genes, sensaciones y preguntas.<\/span><\/p>\n<p><span style=\"font-weight: 400;\"><br \/>\n<\/span><span style=\"font-weight: 400;\">Trabajaremos desde el cuerpo, el movimiento, la respiraci\u00f3n y la pausa como inicio del proceso creativo.<\/span><span style=\"font-weight: 400;\"><br \/>\n<\/span><span style=\"font-weight: 400;\">Crearemos im\u00e1genes a partir de lo que sentimos, desde una mirada libre, intuitiva y vital.<\/span><span style=\"font-weight: 400;\"><br \/>\n<\/span><span style=\"font-weight: 400;\">La t\u00e9cnica se compartir\u00e1 de manera sencilla, con pr\u00e1cticas accesibles a cada persona.<\/span><\/p>\n<p><span style=\"font-weight: 400;\">\u00a0Te llevar\u00e1s herramientas fotogr\u00e1ficas b\u00e1sicas, im\u00e1genes nacidas del cuerpo y una experiencia sensible de conexi\u00f3n con el entorno.<\/span><\/p>","protected":false},"excerpt":{"rendered":"<p>Apto para c\u00e1maras r\u00e9flex, compactas y m\u00f3viles Una salida grupal para reconectar con el cuerpo y la mirada a trav\u00e9s de la fotograf\u00eda. Trabajaremos t\u00e9cnicas b\u00e1sicas de enfoque y exposici\u00f3n, pero tambi\u00e9n activaremos una atenci\u00f3n sensible al entorno y a nuestras emociones. Exploraremos c\u00f3mo mirar desde lo interno, c\u00f3mo acompa\u00f1ar el momento presente y c\u00f3mo [&hellip;]<\/p>","protected":false},"featured_media":5103,"comment_status":"closed","ping_status":"closed","template":"","meta":{"_acf_changed":false},"product_brand":[],"product_cat":[18],"product_tag":[],"class_list":{"0":"post-5102","1":"product","2":"type-product","3":"status-publish","4":"has-post-thumbnail","6":"product_cat-non-classe","8":"first","9":"instock","10":"shipping-taxable","11":"purchasable","12":"product-type-simple"},"acf":[],"yoast_head":"<!-- This site is optimized with the Yoast SEO plugin v25.6 - https:\/\/yoast.com\/wordpress\/plugins\/seo\/ -->\n<title>Fotograf\u00eda, Bienestar y Cuerpo - Alenka Robine<\/title>\n<meta name=\"robots\" content=\"noindex, follow\" \/>\n<meta property=\"og:locale\" content=\"fr_FR\" \/>\n<meta property=\"og:type\" content=\"article\" \/>\n<meta property=\"og:title\" content=\"Fotograf\u00eda, Bienestar y Cuerpo - Alenka Robine\" \/>\n<meta property=\"og:description\" content=\"Apto para c\u00e1maras r\u00e9flex, compactas y m\u00f3viles Una salida grupal para reconectar con el cuerpo y la mirada a trav\u00e9s de la fotograf\u00eda. Trabajaremos t\u00e9cnicas b\u00e1sicas de enfoque y exposici\u00f3n, pero tambi\u00e9n activaremos una atenci\u00f3n sensible al entorno y a nuestras emociones. Exploraremos c\u00f3mo mirar desde lo interno, c\u00f3mo acompa\u00f1ar el momento presente y c\u00f3mo [&hellip;]\" \/>\n<meta property=\"og:url\" content=\"https:\/\/www.alenkarobine.com\/fr\/produit\/fotografia-bienestar-y-cuerpo\/\" \/>\n<meta property=\"og:site_name\" content=\"Alenka Robine\" \/>\n<meta property=\"article:modified_time\" content=\"2025-06-30T07:06:18+00:00\" \/>\n<meta property=\"og:image\" content=\"https:\/\/www.alenkarobine.com\/wp-content\/uploads\/2025\/06\/tallerverano.jpeg\" \/>\n\t<meta property=\"og:image:width\" content=\"1190\" \/>\n\t<meta property=\"og:image:height\" content=\"1596\" \/>\n\t<meta property=\"og:image:type\" content=\"image\/jpeg\" \/>\n<meta name=\"twitter:card\" content=\"summary_large_image\" \/>\n<meta name=\"twitter:label1\" content=\"Dur\u00e9e de lecture estim\u00e9e\" \/>\n\t<meta name=\"twitter:data1\" content=\"1 minute\" \/>\n<script type=\"application\/ld+json\" class=\"yoast-schema-graph\">{\"@context\":\"https:\/\/schema.org\",\"@graph\":[{\"@type\":\"WebPage\",\"@id\":\"https:\/\/www.alenkarobine.com\/producto\/fotografia-bienestar-y-cuerpo\/\",\"url\":\"https:\/\/www.alenkarobine.com\/producto\/fotografia-bienestar-y-cuerpo\/\",\"name\":\"Fotograf\u00eda, Bienestar y Cuerpo - Alenka Robine\",\"isPartOf\":{\"@id\":\"https:\/\/www.alenkarobine.com\/#website\"},\"primaryImageOfPage\":{\"@id\":\"https:\/\/www.alenkarobine.com\/producto\/fotografia-bienestar-y-cuerpo\/#primaryimage\"},\"image\":{\"@id\":\"https:\/\/www.alenkarobine.com\/producto\/fotografia-bienestar-y-cuerpo\/#primaryimage\"},\"thumbnailUrl\":\"https:\/\/www.alenkarobine.com\/wp-content\/uploads\/2025\/06\/tallerverano.jpeg\",\"datePublished\":\"2025-06-25T11:54:39+00:00\",\"dateModified\":\"2025-06-30T07:06:18+00:00\",\"breadcrumb\":{\"@id\":\"https:\/\/www.alenkarobine.com\/producto\/fotografia-bienestar-y-cuerpo\/#breadcrumb\"},\"inLanguage\":\"fr-FR\",\"potentialAction\":[{\"@type\":\"ReadAction\",\"target\":[\"https:\/\/www.alenkarobine.com\/producto\/fotografia-bienestar-y-cuerpo\/\"]}]},{\"@type\":\"ImageObject\",\"inLanguage\":\"fr-FR\",\"@id\":\"https:\/\/www.alenkarobine.com\/producto\/fotografia-bienestar-y-cuerpo\/#primaryimage\",\"url\":\"https:\/\/www.alenkarobine.com\/wp-content\/uploads\/2025\/06\/tallerverano.jpeg\",\"contentUrl\":\"https:\/\/www.alenkarobine.com\/wp-content\/uploads\/2025\/06\/tallerverano.jpeg\",\"width\":1190,\"height\":1596},{\"@type\":\"BreadcrumbList\",\"@id\":\"https:\/\/www.alenkarobine.com\/producto\/fotografia-bienestar-y-cuerpo\/#breadcrumb\",\"itemListElement\":[{\"@type\":\"ListItem\",\"position\":1,\"name\":\"Home\",\"item\":\"https:\/\/www.alenkarobine.com\/\"},{\"@type\":\"ListItem\",\"position\":2,\"name\":\"Tienda\",\"item\":\"https:\/\/www.alenkarobine.com\/?page_id=196\"},{\"@type\":\"ListItem\",\"position\":3,\"name\":\"Fotograf\u00eda, Bienestar y Cuerpo\"}]},{\"@type\":\"WebSite\",\"@id\":\"https:\/\/www.alenkarobine.com\/#website\",\"url\":\"https:\/\/www.alenkarobine.com\/\",\"name\":\"Alenka Robine\",\"description\":\"Alenka Robine, Normand\u00eda, Francia, es fot\u00f3grafa especializada en lo participativo y terap\u00e9utico, arteterapeuta transdisciplinar, facilitadora e investigadora mediante la imagen.\",\"potentialAction\":[{\"@type\":\"SearchAction\",\"target\":{\"@type\":\"EntryPoint\",\"urlTemplate\":\"https:\/\/www.alenkarobine.com\/?s={search_term_string}\"},\"query-input\":{\"@type\":\"PropertyValueSpecification\",\"valueRequired\":true,\"valueName\":\"search_term_string\"}}],\"inLanguage\":\"fr-FR\"}]}<\/script>\n<!-- \/ Yoast SEO plugin. -->","yoast_head_json":{"title":"Fotograf\u00eda, Bienestar y Cuerpo - Alenka Robine","robots":{"index":"noindex","follow":"follow"},"og_locale":"fr_FR","og_type":"article","og_title":"Fotograf\u00eda, Bienestar y Cuerpo - Alenka Robine","og_description":"Apto para c\u00e1maras r\u00e9flex, compactas y m\u00f3viles Una salida grupal para reconectar con el cuerpo y la mirada a trav\u00e9s de la fotograf\u00eda. Trabajaremos t\u00e9cnicas b\u00e1sicas de enfoque y exposici\u00f3n, pero tambi\u00e9n activaremos una atenci\u00f3n sensible al entorno y a nuestras emociones. Exploraremos c\u00f3mo mirar desde lo interno, c\u00f3mo acompa\u00f1ar el momento presente y c\u00f3mo [&hellip;]","og_url":"https:\/\/www.alenkarobine.com\/fr\/produit\/fotografia-bienestar-y-cuerpo\/","og_site_name":"Alenka Robine","article_modified_time":"2025-06-30T07:06:18+00:00","og_image":[{"width":1190,"height":1596,"url":"https:\/\/www.alenkarobine.com\/wp-content\/uploads\/2025\/06\/tallerverano.jpeg","type":"image\/jpeg"}],"twitter_card":"summary_large_image","twitter_misc":{"Dur\u00e9e de lecture estim\u00e9e":"1 minute"},"schema":{"@context":"https:\/\/schema.org","@graph":[{"@type":"WebPage","@id":"https:\/\/www.alenkarobine.com\/producto\/fotografia-bienestar-y-cuerpo\/","url":"https:\/\/www.alenkarobine.com\/producto\/fotografia-bienestar-y-cuerpo\/","name":"Fotograf\u00eda, Bienestar y Cuerpo - Alenka Robine","isPartOf":{"@id":"https:\/\/www.alenkarobine.com\/#website"},"primaryImageOfPage":{"@id":"https:\/\/www.alenkarobine.com\/producto\/fotografia-bienestar-y-cuerpo\/#primaryimage"},"image":{"@id":"https:\/\/www.alenkarobine.com\/producto\/fotografia-bienestar-y-cuerpo\/#primaryimage"},"thumbnailUrl":"https:\/\/www.alenkarobine.com\/wp-content\/uploads\/2025\/06\/tallerverano.jpeg","datePublished":"2025-06-25T11:54:39+00:00","dateModified":"2025-06-30T07:06:18+00:00","breadcrumb":{"@id":"https:\/\/www.alenkarobine.com\/producto\/fotografia-bienestar-y-cuerpo\/#breadcrumb"},"inLanguage":"fr-FR","potentialAction":[{"@type":"ReadAction","target":["https:\/\/www.alenkarobine.com\/producto\/fotografia-bienestar-y-cuerpo\/"]}]},{"@type":"ImageObject","inLanguage":"fr-FR","@id":"https:\/\/www.alenkarobine.com\/producto\/fotografia-bienestar-y-cuerpo\/#primaryimage","url":"https:\/\/www.alenkarobine.com\/wp-content\/uploads\/2025\/06\/tallerverano.jpeg","contentUrl":"https:\/\/www.alenkarobine.com\/wp-content\/uploads\/2025\/06\/tallerverano.jpeg","width":1190,"height":1596},{"@type":"BreadcrumbList","@id":"https:\/\/www.alenkarobine.com\/producto\/fotografia-bienestar-y-cuerpo\/#breadcrumb","itemListElement":[{"@type":"ListItem","position":1,"name":"Home","item":"https:\/\/www.alenkarobine.com\/"},{"@type":"ListItem","position":2,"name":"Tienda","item":"https:\/\/www.alenkarobine.com\/?page_id=196"},{"@type":"ListItem","position":3,"name":"Fotograf\u00eda, Bienestar y Cuerpo"}]},{"@type":"WebSite","@id":"https:\/\/www.alenkarobine.com\/#website","url":"https:\/\/www.alenkarobine.com\/","name":"Alenka Robine","description":"Alenka Robine, Normand\u00eda, Francia, es fot\u00f3grafa especializada en lo participativo y terap\u00e9utico, arteterapeuta transdisciplinar, facilitadora e investigadora mediante la imagen.","potentialAction":[{"@type":"SearchAction","target":{"@type":"EntryPoint","urlTemplate":"https:\/\/www.alenkarobine.com\/?s={search_term_string}"},"query-input":{"@type":"PropertyValueSpecification","valueRequired":true,"valueName":"search_term_string"}}],"inLanguage":"fr-FR"}]}},"_links":{"self":[{"href":"https:\/\/www.alenkarobine.com\/fr\/wp-json\/wp\/v2\/product\/5102","targetHints":{"allow":["GET"]}}],"collection":[{"href":"https:\/\/www.alenkarobine.com\/fr\/wp-json\/wp\/v2\/product"}],"about":[{"href":"https:\/\/www.alenkarobine.com\/fr\/wp-json\/wp\/v2\/types\/product"}],"replies":[{"embeddable":true,"href":"https:\/\/www.alenkarobine.com\/fr\/wp-json\/wp\/v2\/comments?post=5102"}],"wp:featuredmedia":[{"embeddable":true,"href":"https:\/\/www.alenkarobine.com\/fr\/wp-json\/wp\/v2\/media\/5103"}],"wp:attachment":[{"href":"https:\/\/www.alenkarobine.com\/fr\/wp-json\/wp\/v2\/media?parent=5102"}],"wp:term":[{"taxonomy":"product_brand","embeddable":true,"href":"https:\/\/www.alenkarobine.com\/fr\/wp-json\/wp\/v2\/product_brand?post=5102"},{"taxonomy":"product_cat","embeddable":true,"href":"https:\/\/www.alenkarobine.com\/fr\/wp-json\/wp\/v2\/product_cat?post=5102"},{"taxonomy":"product_tag","embeddable":true,"href":"https:\/\/www.alenkarobine.com\/fr\/wp-json\/wp\/v2\/product_tag?post=5102"}],"curies":[{"name":"wp","href":"https:\/\/api.w.org\/{rel}","templated":true}]}}