{"id":4142,"date":"2025-06-19T17:10:57","date_gmt":"2025-06-19T15:10:57","guid":{"rendered":"https:\/\/www.alenkarobine.com\/?page_id=4142"},"modified":"2025-06-26T11:54:51","modified_gmt":"2025-06-26T09:54:51","slug":"servicios-2","status":"publish","type":"page","link":"https:\/\/www.alenkarobine.com\/fr\/servicios-2\/","title":{"rendered":"Services"},"content":{"rendered":"<div data-elementor-type=\"wp-page\" data-elementor-id=\"4142\" class=\"elementor elementor-4142\" data-elementor-post-type=\"page\">\n\t\t\t\t<div class=\"elementor-element elementor-element-af60cfe e-flex e-con-boxed e-con e-parent\" data-id=\"af60cfe\" data-element_type=\"container\" data-settings=\"{&quot;background_background&quot;:&quot;classic&quot;}\">\n\t\t\t\t\t<div class=\"e-con-inner\">\n\t\t\t\t<div class=\"elementor-element elementor-element-89f3ae4 elementor-widget elementor-widget-heading\" data-id=\"89f3ae4\" data-element_type=\"widget\" data-widget_type=\"heading.default\">\n\t\t\t\t\t<h1 class=\"elementor-heading-title elementor-size-default\">Services<\/h1>\t\t\t\t<\/div>\n\t\t\t\t\t<\/div>\n\t\t\t\t<\/div>\n\t\t<div class=\"elementor-element elementor-element-7715f24 e-flex e-con-boxed e-con e-parent\" data-id=\"7715f24\" data-element_type=\"container\" data-settings=\"{&quot;background_background&quot;:&quot;classic&quot;}\">\n\t\t\t\t\t<div class=\"e-con-inner\">\n\t\t<div class=\"elementor-element elementor-element-35cce56 e-con-full e-flex elementor-invisible e-con e-child\" data-id=\"35cce56\" data-element_type=\"container\" data-settings=\"{&quot;animation&quot;:&quot;zoomIn&quot;}\">\n\t\t\t\t<div class=\"elementor-element elementor-element-3633800 elementor-widget elementor-widget-heading\" data-id=\"3633800\" data-element_type=\"widget\" data-widget_type=\"heading.default\">\n\t\t\t\t\t<h2 class=\"elementor-heading-title elementor-size-xxl\">Acompa\u00f1amiento con alma<\/h2>\t\t\t\t<\/div>\n\t\t\t\t<div class=\"elementor-element elementor-element-7cef9ca elementor-widget elementor-widget-heading\" data-id=\"7cef9ca\" data-element_type=\"widget\" data-widget_type=\"heading.default\">\n\t\t\t\t\t<h2 class=\"elementor-heading-title elementor-size-default\">Procesos con intenci\u00f3n, escucha y sensibilidad<br>\nTrabajo con la imagen, el cuerpo y la palabra para acompa\u00f1ar procesos vitales y creativos.<br>\n Desde la arteterapia transdisciplinaria, la fotograf\u00eda y la presencia profunda,\n ofrezco espacios donde explorar, transformar y crear con sentido.<br>\nAqu\u00ed no hay f\u00f3rmulas ni promesas vac\u00edas.\nSolo procesos que nacen de tu cuerpo, tu historia y tu necesidad de habitar(te).<br>\nAcompa\u00f1o a personas, colectivos y proyectos en momentos de b\u00fasqueda, tr\u00e1nsito o creaci\u00f3n,\n uniendo arte y vida como forma de conexi\u00f3n.<br>\n Tu proceso, ya sea personal, art\u00edstico o profesional, merece ser visto, cuidado y acompa\u00f1ado con verdad.<\/h2>\t\t\t\t<\/div>\n\t\t\t\t<\/div>\n\t\t\t\t\t<\/div>\n\t\t\t\t<\/div>\n\t\t<div class=\"elementor-element elementor-element-d706043 e-con-full e-flex e-con e-parent\" data-id=\"d706043\" data-element_type=\"container\" data-settings=\"{&quot;background_background&quot;:&quot;classic&quot;}\">\n\t\t<div class=\"elementor-element elementor-element-fdc961e e-con-full e-flex e-con e-child\" data-id=\"fdc961e\" data-element_type=\"container\">\n\t\t<div class=\"elementor-element elementor-element-c81f35c e-con-full e-flex e-con e-child\" data-id=\"c81f35c\" data-element_type=\"container\">\n\t\t<div class=\"elementor-element elementor-element-6796bca e-con-full e-flex e-con e-child\" data-id=\"6796bca\" data-element_type=\"container\">\n\t\t\t\t<div class=\"elementor-element elementor-element-3378913 elementor-widget elementor-widget-heading\" data-id=\"3378913\" data-element_type=\"widget\" data-widget_type=\"heading.default\">\n\t\t\t\t\t<h2 class=\"elementor-heading-title elementor-size-xxl\">Services<\/h2>\t\t\t\t<\/div>\n\t\t\t\t<div class=\"elementor-element elementor-element-8ad511b elementor-widget-divider--view-line elementor-widget elementor-widget-divider\" data-id=\"8ad511b\" data-element_type=\"widget\" data-widget_type=\"divider.default\">\n\t\t\t\t\t\t\t<div class=\"elementor-divider\">\n\t\t\t<span class=\"elementor-divider-separator\">\n\t\t\t\t\t\t<\/span>\n\t\t<\/div>\n\t\t\t\t\t\t<\/div>\n\t\t\t\t<\/div>\n\t\t\t\t<\/div>\n\t\t<div class=\"elementor-element elementor-element-021a2a6 e-con-full e-flex e-con e-child\" data-id=\"021a2a6\" data-element_type=\"container\" data-settings=\"{&quot;background_background&quot;:&quot;classic&quot;}\">\n\t\t<a class=\"elementor-element elementor-element-2c1ce57 e-con-full e-flex e-con e-child\" data-id=\"2c1ce57\" data-element_type=\"container\" data-settings=\"{&quot;background_background&quot;:&quot;classic&quot;}\" href=\"https:\/\/www.alenkarobine.com\/fr\/fotografia-terapeutica-participativa-12\/\">\n\t\t\t\t<div class=\"elementor-element elementor-element-ed28378 elementor-widget elementor-widget-spacer\" data-id=\"ed28378\" data-element_type=\"widget\" data-widget_type=\"spacer.default\">\n\t\t\t\t\t\t\t<div class=\"elementor-spacer\">\n\t\t\t<div class=\"elementor-spacer-inner\"><\/div>\n\t\t<\/div>\n\t\t\t\t\t\t<\/div>\n\t\t<div class=\"elementor-element elementor-element-813be28 e-con-full e-flex e-con e-child\" data-id=\"813be28\" data-element_type=\"container\" data-settings=\"{&quot;background_background&quot;:&quot;classic&quot;}\">\n\t\t<div class=\"elementor-element elementor-element-8dfcabc e-con-full e-flex e-con e-child\" data-id=\"8dfcabc\" data-element_type=\"container\">\n\t\t\t\t<div class=\"elementor-element elementor-element-4e84c28 elementor-widget elementor-widget-heading\" data-id=\"4e84c28\" data-element_type=\"widget\" data-widget_type=\"heading.default\">\n\t\t\t\t\t<h3 class=\"elementor-heading-title elementor-size-xl\">Photographie <br>th\u00e9rapeutique<\/h3>\t\t\t\t<\/div>\n\t\t\t\t<\/div>\n\t\t\t\t<\/div>\n\t\t\t\t<\/a>\n\t\t<a class=\"elementor-element elementor-element-35096fe e-con-full e-flex e-con e-child\" data-id=\"35096fe\" data-element_type=\"container\" data-settings=\"{&quot;background_background&quot;:&quot;classic&quot;}\" href=\"\/fr\/arteterapia-transdisciplinaria90\/\">\n\t\t\t\t<div class=\"elementor-element elementor-element-e88f7f2 elementor-widget elementor-widget-spacer\" data-id=\"e88f7f2\" data-element_type=\"widget\" data-widget_type=\"spacer.default\">\n\t\t\t\t\t\t\t<div class=\"elementor-spacer\">\n\t\t\t<div class=\"elementor-spacer-inner\"><\/div>\n\t\t<\/div>\n\t\t\t\t\t\t<\/div>\n\t\t<div class=\"elementor-element elementor-element-099b15a e-con-full e-flex e-con e-child\" data-id=\"099b15a\" data-element_type=\"container\" data-settings=\"{&quot;background_background&quot;:&quot;classic&quot;}\">\n\t\t<div class=\"elementor-element elementor-element-7d31bd3 e-con-full e-flex e-con e-child\" data-id=\"7d31bd3\" data-element_type=\"container\">\n\t\t\t\t<div class=\"elementor-element elementor-element-d6685f4 elementor-widget elementor-widget-heading\" data-id=\"d6685f4\" data-element_type=\"widget\" data-widget_type=\"heading.default\">\n\t\t\t\t\t<h3 class=\"elementor-heading-title elementor-size-xl\">Art-th\u00e9rapie transdisciplinaire<\/h3>\t\t\t\t<\/div>\n\t\t\t\t<\/div>\n\t\t\t\t<\/div>\n\t\t\t\t<\/a>\n\t\t<a class=\"elementor-element elementor-element-6c572f8 e-con-full e-flex e-con e-child\" data-id=\"6c572f8\" data-element_type=\"container\" data-settings=\"{&quot;background_background&quot;:&quot;classic&quot;}\" href=\"https:\/\/www.alenkarobine.com\/fr\/consultoria-creativa-formacion1\/\">\n\t\t\t\t<div class=\"elementor-element elementor-element-bc926e0 elementor-widget elementor-widget-spacer\" data-id=\"bc926e0\" data-element_type=\"widget\" data-widget_type=\"spacer.default\">\n\t\t\t\t\t\t\t<div class=\"elementor-spacer\">\n\t\t\t<div class=\"elementor-spacer-inner\"><\/div>\n\t\t<\/div>\n\t\t\t\t\t\t<\/div>\n\t\t<div class=\"elementor-element elementor-element-ddfb8c1 e-con-full e-flex e-con e-child\" data-id=\"ddfb8c1\" data-element_type=\"container\" data-settings=\"{&quot;background_background&quot;:&quot;classic&quot;}\">\n\t\t<div class=\"elementor-element elementor-element-77ff602 e-con-full e-flex e-con e-child\" data-id=\"77ff602\" data-element_type=\"container\">\n\t\t\t\t<div class=\"elementor-element elementor-element-9448487 elementor-widget elementor-widget-heading\" data-id=\"9448487\" data-element_type=\"widget\" data-widget_type=\"heading.default\">\n\t\t\t\t\t<h3 class=\"elementor-heading-title elementor-size-xl\">Conseil <br>cr\u00e9atif<\/h3>\t\t\t\t<\/div>\n\t\t\t\t<\/div>\n\t\t\t\t<\/div>\n\t\t\t\t<\/a>\n\t\t<a class=\"elementor-element elementor-element-a448788 e-con-full e-flex e-con e-child\" data-id=\"a448788\" data-element_type=\"container\" data-settings=\"{&quot;background_background&quot;:&quot;classic&quot;}\" href=\"\/fr\/fotograf\u00eda-profesional\/\">\n\t\t\t\t<div class=\"elementor-element elementor-element-a3ba012 elementor-widget elementor-widget-spacer\" data-id=\"a3ba012\" data-element_type=\"widget\" data-widget_type=\"spacer.default\">\n\t\t\t\t\t\t\t<div class=\"elementor-spacer\">\n\t\t\t<div class=\"elementor-spacer-inner\"><\/div>\n\t\t<\/div>\n\t\t\t\t\t\t<\/div>\n\t\t<div class=\"elementor-element elementor-element-6cecacd e-con-full e-flex e-con e-child\" data-id=\"6cecacd\" data-element_type=\"container\" data-settings=\"{&quot;background_background&quot;:&quot;classic&quot;}\">\n\t\t<div class=\"elementor-element elementor-element-a978b0c e-con-full e-flex e-con e-child\" data-id=\"a978b0c\" data-element_type=\"container\">\n\t\t\t\t<div class=\"elementor-element elementor-element-8b5fd0c elementor-widget elementor-widget-heading\" data-id=\"8b5fd0c\" data-element_type=\"widget\" data-widget_type=\"heading.default\">\n\t\t\t\t\t<h3 class=\"elementor-heading-title elementor-size-xl\">Photographie <br>professionnel<\/h3>\t\t\t\t<\/div>\n\t\t\t\t<\/div>\n\t\t\t\t<\/div>\n\t\t\t\t<\/a>\n\t\t\t\t<\/div>\n\t\t\t\t<\/div>\n\t\t\t\t<\/div>\n\t\t\t\t<\/div>","protected":false},"excerpt":{"rendered":"<p>Servicios Acompa\u00f1amiento con alma Procesos con intenci\u00f3n, escucha y sensibilidad Trabajo con la imagen, el cuerpo y la palabra para acompa\u00f1ar procesos vitales y creativos. Desde la arteterapia transdisciplinaria, la fotograf\u00eda y la presencia profunda, ofrezco espacios donde explorar, transformar y crear con sentido. Aqu\u00ed no hay f\u00f3rmulas ni promesas vac\u00edas. Solo procesos que nacen [&hellip;]<\/p>","protected":false},"author":2,"featured_media":0,"parent":0,"menu_order":0,"comment_status":"closed","ping_status":"closed","template":"","meta":{"_acf_changed":false,"footnotes":""},"class_list":["post-4142","page","type-page","status-publish","hentry"],"acf":[],"yoast_head":"<!-- This site is optimized with the Yoast SEO plugin v25.6 - https:\/\/yoast.com\/wordpress\/plugins\/seo\/ -->\n<title>Servicios - Alenka Robine<\/title>\n<meta name=\"robots\" content=\"index, follow, max-snippet:-1, max-image-preview:large, max-video-preview:-1\" \/>\n<link rel=\"canonical\" href=\"https:\/\/www.alenkarobine.com\/fr\/servicios-2\/\" \/>\n<meta property=\"og:locale\" content=\"fr_FR\" \/>\n<meta property=\"og:type\" content=\"article\" \/>\n<meta property=\"og:title\" content=\"Servicios - Alenka Robine\" \/>\n<meta property=\"og:description\" content=\"Servicios Acompa\u00f1amiento con alma Procesos con intenci\u00f3n, escucha y sensibilidad Trabajo con la imagen, el cuerpo y la palabra para acompa\u00f1ar procesos vitales y creativos. Desde la arteterapia transdisciplinaria, la fotograf\u00eda y la presencia profunda, ofrezco espacios donde explorar, transformar y crear con sentido. Aqu\u00ed no hay f\u00f3rmulas ni promesas vac\u00edas. Solo procesos que nacen [&hellip;]\" \/>\n<meta property=\"og:url\" content=\"https:\/\/www.alenkarobine.com\/fr\/servicios-2\/\" \/>\n<meta property=\"og:site_name\" content=\"Alenka Robine\" \/>\n<meta property=\"article:modified_time\" content=\"2025-06-26T09:54:51+00:00\" \/>\n<meta property=\"og:image\" content=\"https:\/\/www.alenkarobine.com\/wp-content\/uploads\/2024\/05\/social_default_1200x630.jpg\" \/>\n\t<meta property=\"og:image:width\" content=\"1200\" \/>\n\t<meta property=\"og:image:height\" content=\"630\" \/>\n\t<meta property=\"og:image:type\" content=\"image\/jpeg\" \/>\n<meta name=\"twitter:card\" content=\"summary_large_image\" \/>\n<meta name=\"twitter:label1\" content=\"Dur\u00e9e de lecture estim\u00e9e\" \/>\n\t<meta name=\"twitter:data1\" content=\"1 minute\" \/>\n<script type=\"application\/ld+json\" class=\"yoast-schema-graph\">{\"@context\":\"https:\/\/schema.org\",\"@graph\":[{\"@type\":\"WebPage\",\"@id\":\"https:\/\/www.alenkarobine.com\/servicios-2\/\",\"url\":\"https:\/\/www.alenkarobine.com\/servicios-2\/\",\"name\":\"Servicios - Alenka Robine\",\"isPartOf\":{\"@id\":\"https:\/\/www.alenkarobine.com\/#website\"},\"datePublished\":\"2025-06-19T15:10:57+00:00\",\"dateModified\":\"2025-06-26T09:54:51+00:00\",\"breadcrumb\":{\"@id\":\"https:\/\/www.alenkarobine.com\/servicios-2\/#breadcrumb\"},\"inLanguage\":\"fr-FR\",\"potentialAction\":[{\"@type\":\"ReadAction\",\"target\":[\"https:\/\/www.alenkarobine.com\/servicios-2\/\"]}]},{\"@type\":\"BreadcrumbList\",\"@id\":\"https:\/\/www.alenkarobine.com\/servicios-2\/#breadcrumb\",\"itemListElement\":[{\"@type\":\"ListItem\",\"position\":1,\"name\":\"Home\",\"item\":\"https:\/\/www.alenkarobine.com\/\"},{\"@type\":\"ListItem\",\"position\":2,\"name\":\"Servicios\"}]},{\"@type\":\"WebSite\",\"@id\":\"https:\/\/www.alenkarobine.com\/#website\",\"url\":\"https:\/\/www.alenkarobine.com\/\",\"name\":\"Alenka Robine\",\"description\":\"Alenka Robine, Normand\u00eda, Francia, es fot\u00f3grafa especializada en lo participativo y terap\u00e9utico, arteterapeuta transdisciplinar, facilitadora e investigadora mediante la imagen.\",\"potentialAction\":[{\"@type\":\"SearchAction\",\"target\":{\"@type\":\"EntryPoint\",\"urlTemplate\":\"https:\/\/www.alenkarobine.com\/?s={search_term_string}\"},\"query-input\":{\"@type\":\"PropertyValueSpecification\",\"valueRequired\":true,\"valueName\":\"search_term_string\"}}],\"inLanguage\":\"fr-FR\"}]}<\/script>\n<!-- \/ Yoast SEO plugin. -->","yoast_head_json":{"title":"Servicios - Alenka Robine","robots":{"index":"index","follow":"follow","max-snippet":"max-snippet:-1","max-image-preview":"max-image-preview:large","max-video-preview":"max-video-preview:-1"},"canonical":"https:\/\/www.alenkarobine.com\/fr\/servicios-2\/","og_locale":"fr_FR","og_type":"article","og_title":"Servicios - Alenka Robine","og_description":"Servicios Acompa\u00f1amiento con alma Procesos con intenci\u00f3n, escucha y sensibilidad Trabajo con la imagen, el cuerpo y la palabra para acompa\u00f1ar procesos vitales y creativos. Desde la arteterapia transdisciplinaria, la fotograf\u00eda y la presencia profunda, ofrezco espacios donde explorar, transformar y crear con sentido. Aqu\u00ed no hay f\u00f3rmulas ni promesas vac\u00edas. Solo procesos que nacen [&hellip;]","og_url":"https:\/\/www.alenkarobine.com\/fr\/servicios-2\/","og_site_name":"Alenka Robine","article_modified_time":"2025-06-26T09:54:51+00:00","og_image":[{"width":1200,"height":630,"url":"https:\/\/www.alenkarobine.com\/wp-content\/uploads\/2024\/05\/social_default_1200x630.jpg","type":"image\/jpeg"}],"twitter_card":"summary_large_image","twitter_misc":{"Dur\u00e9e de lecture estim\u00e9e":"1 minute"},"schema":{"@context":"https:\/\/schema.org","@graph":[{"@type":"WebPage","@id":"https:\/\/www.alenkarobine.com\/servicios-2\/","url":"https:\/\/www.alenkarobine.com\/servicios-2\/","name":"Servicios - Alenka Robine","isPartOf":{"@id":"https:\/\/www.alenkarobine.com\/#website"},"datePublished":"2025-06-19T15:10:57+00:00","dateModified":"2025-06-26T09:54:51+00:00","breadcrumb":{"@id":"https:\/\/www.alenkarobine.com\/servicios-2\/#breadcrumb"},"inLanguage":"fr-FR","potentialAction":[{"@type":"ReadAction","target":["https:\/\/www.alenkarobine.com\/servicios-2\/"]}]},{"@type":"BreadcrumbList","@id":"https:\/\/www.alenkarobine.com\/servicios-2\/#breadcrumb","itemListElement":[{"@type":"ListItem","position":1,"name":"Home","item":"https:\/\/www.alenkarobine.com\/"},{"@type":"ListItem","position":2,"name":"Servicios"}]},{"@type":"WebSite","@id":"https:\/\/www.alenkarobine.com\/#website","url":"https:\/\/www.alenkarobine.com\/","name":"Alenka Robine","description":"Alenka Robine, Normand\u00eda, Francia, es fot\u00f3grafa especializada en lo participativo y terap\u00e9utico, arteterapeuta transdisciplinar, facilitadora e investigadora mediante la imagen.","potentialAction":[{"@type":"SearchAction","target":{"@type":"EntryPoint","urlTemplate":"https:\/\/www.alenkarobine.com\/?s={search_term_string}"},"query-input":{"@type":"PropertyValueSpecification","valueRequired":true,"valueName":"search_term_string"}}],"inLanguage":"fr-FR"}]}},"_links":{"self":[{"href":"https:\/\/www.alenkarobine.com\/fr\/wp-json\/wp\/v2\/pages\/4142","targetHints":{"allow":["GET"]}}],"collection":[{"href":"https:\/\/www.alenkarobine.com\/fr\/wp-json\/wp\/v2\/pages"}],"about":[{"href":"https:\/\/www.alenkarobine.com\/fr\/wp-json\/wp\/v2\/types\/page"}],"author":[{"embeddable":true,"href":"https:\/\/www.alenkarobine.com\/fr\/wp-json\/wp\/v2\/users\/2"}],"replies":[{"embeddable":true,"href":"https:\/\/www.alenkarobine.com\/fr\/wp-json\/wp\/v2\/comments?post=4142"}],"version-history":[{"count":0,"href":"https:\/\/www.alenkarobine.com\/fr\/wp-json\/wp\/v2\/pages\/4142\/revisions"}],"wp:attachment":[{"href":"https:\/\/www.alenkarobine.com\/fr\/wp-json\/wp\/v2\/media?parent=4142"}],"curies":[{"name":"wp","href":"https:\/\/api.w.org\/{rel}","templated":true}]}}