{"id":414,"date":"2024-03-28T11:58:13","date_gmt":"2024-03-28T10:58:13","guid":{"rendered":"https:\/\/www.alenkarobine.com\/?page_id=414"},"modified":"2024-09-20T15:12:20","modified_gmt":"2024-09-20T13:12:20","slug":"notas-legales","status":"publish","type":"page","link":"https:\/\/www.alenkarobine.com\/fr\/notas-legales\/","title":{"rendered":"Notes juridiques"},"content":{"rendered":"<div data-elementor-type=\"wp-page\" data-elementor-id=\"414\" class=\"elementor elementor-414\" data-elementor-post-type=\"page\">\n\t\t\t\t<div class=\"elementor-element elementor-element-1dd564f e-flex e-con-boxed e-con e-parent\" data-id=\"1dd564f\" data-element_type=\"container\" data-settings=\"{&quot;background_background&quot;:&quot;classic&quot;}\">\n\t\t\t\t\t<div class=\"e-con-inner\">\n\t\t<div class=\"elementor-element elementor-element-fd9b7bf e-con-full e-flex e-con e-child\" data-id=\"fd9b7bf\" data-element_type=\"container\">\n\t\t\t\t<div class=\"elementor-element elementor-element-22e1698 elementor-widget elementor-widget-heading\" data-id=\"22e1698\" data-element_type=\"widget\" data-widget_type=\"heading.default\">\n\t\t\t\t\t<h1 class=\"elementor-heading-title elementor-size-default\">Notes juridiques<\/h1>\t\t\t\t<\/div>\n\t\t\t\t<\/div>\n\t\t\t\t\t<\/div>\n\t\t\t\t<\/div>\n\t\t\t\t<section class=\"elementor-section elementor-top-section elementor-element elementor-element-736f41ae elementor-section-boxed elementor-section-height-default elementor-section-height-default\" data-id=\"736f41ae\" data-element_type=\"section\" data-settings=\"{&quot;background_background&quot;:&quot;classic&quot;}\">\n\t\t\t\t\t\t<div class=\"elementor-container elementor-column-gap-default\">\n\t\t\t\t\t<div class=\"elementor-column elementor-col-100 elementor-top-column elementor-element elementor-element-794cdf24\" data-id=\"794cdf24\" data-element_type=\"column\">\n\t\t\t<div class=\"elementor-widget-wrap elementor-element-populated\">\n\t\t\t\t\t\t<div class=\"elementor-element elementor-element-982807d elementor-widget elementor-widget-image\" data-id=\"982807d\" data-element_type=\"widget\" data-widget_type=\"image.default\">\n\t\t\t\t\t\t\t\t\t\t\t\t\t\t\t<img decoding=\"async\" src=\"https:\/\/www.alenkarobine.com\/wp-content\/uploads\/elementor\/thumbs\/logo-alenka-robine-noir-qlxd3f3hhkpn7lg3lbv145lo6hvers285t07p62hog.png\" title=\"LOGO NOIR - ALENKA ROBINE\" alt=\"LOGO NOIR - ALENKA ROBINE\" loading=\"lazy\" \/>\t\t\t\t\t\t\t\t\t\t\t\t\t\t\t<\/div>\n\t\t\t\t<div class=\"elementor-element elementor-element-8389835 elementor-widget elementor-widget-heading\" data-id=\"8389835\" data-element_type=\"widget\" data-widget_type=\"heading.default\">\n\t\t\t\t\t<h2 class=\"elementor-heading-title elementor-size-default\">Informaci\u00f3n general<\/h2>\t\t\t\t<\/div>\n\t\t\t\t<div class=\"elementor-element elementor-element-32212a2 elementor-widget-divider--view-line elementor-widget elementor-widget-divider\" data-id=\"32212a2\" data-element_type=\"widget\" data-widget_type=\"divider.default\">\n\t\t\t\t\t\t\t<div class=\"elementor-divider\">\n\t\t\t<span class=\"elementor-divider-separator\">\n\t\t\t\t\t\t<\/span>\n\t\t<\/div>\n\t\t\t\t\t\t<\/div>\n\t\t\t\t<div class=\"elementor-element elementor-element-4a28796 elementor-widget elementor-widget-heading\" data-id=\"4a28796\" data-element_type=\"widget\" data-widget_type=\"heading.default\">\n\t\t\t\t\t<h3 class=\"elementor-heading-title elementor-size-default\">Propietario \/ Editor<\/h3>\t\t\t\t<\/div>\n\t\t\t\t<div class=\"elementor-element elementor-element-111ce3d6 elementor-widget elementor-widget-text-editor\" data-id=\"111ce3d6\" data-element_type=\"widget\" data-widget_type=\"text-editor.default\">\n\t\t\t\t\t\t\t\t\t<p><strong>ALENKA ROBINE<\/strong>. El sitio web est\u00e1 representado por Alenka Robine en su calidad de webmaster.<br>Contacto: +34 633 358 212.<\/p>\t\t\t\t\t\t\t\t<\/div>\n\t\t\t\t<div class=\"elementor-element elementor-element-7575d6d7 elementor-widget elementor-widget-heading\" data-id=\"7575d6d7\" data-element_type=\"widget\" data-widget_type=\"heading.default\">\n\t\t\t\t\t<h3 class=\"elementor-heading-title elementor-size-default\">Dise\u00f1o gr\u00e1fico y desarrollo\/integraci\u00f3n web.<\/h3>\t\t\t\t<\/div>\n\t\t\t\t<div class=\"elementor-element elementor-element-1c0e5ec7 elementor-widget elementor-widget-text-editor\" data-id=\"1c0e5ec7\" data-element_type=\"widget\" data-widget_type=\"text-editor.default\">\n\t\t\t\t\t\t\t\t\t<p><a href=\"https:\/\/www.devnclic.fr\/\"><strong>Dev &amp; Clic<\/strong><\/a> \u2013 SIRET : 843 453 218 00029 \u2013 Capital Social : 2000 \u20ac \u2013 Cuya sede se encuentra : 6-8 Rue L\u00e9opold S\u00e9dar Senghor, 14460 Colombelles. Contactar : <strong>02 50 01 14 41<\/strong>.<\/p>\t\t\t\t\t\t\t\t<\/div>\n\t\t\t\t<div class=\"elementor-element elementor-element-45abf6fb elementor-widget elementor-widget-heading\" data-id=\"45abf6fb\" data-element_type=\"widget\" data-widget_type=\"heading.default\">\n\t\t\t\t\t<h3 class=\"elementor-heading-title elementor-size-default\">Derechos de autor y propiedad de las fotograf\u00edas<\/h3>\t\t\t\t<\/div>\n\t\t\t\t<div class=\"elementor-element elementor-element-32326512 elementor-widget elementor-widget-text-editor\" data-id=\"32326512\" data-element_type=\"widget\" data-widget_type=\"text-editor.default\">\n\t\t\t\t\t\t\t\t\t<p>Todas las fotos de este sitio web son propiedad exclusiva de la empresa <strong>ALENKA ROBINE<\/strong>.<\/p>\t\t\t\t\t\t\t\t<\/div>\n\t\t\t\t<div class=\"elementor-element elementor-element-6e8872b elementor-widget elementor-widget-heading\" data-id=\"6e8872b\" data-element_type=\"widget\" data-widget_type=\"heading.default\">\n\t\t\t\t\t<h3 class=\"elementor-heading-title elementor-size-default\">Proveedor de servicios que garantiza el almacenamiento directo y permanente.<\/h3>\t\t\t\t<\/div>\n\t\t\t\t<div class=\"elementor-element elementor-element-3ec92fdb elementor-widget elementor-widget-text-editor\" data-id=\"3ec92fdb\" data-element_type=\"widget\" data-widget_type=\"text-editor.default\">\n\t\t\t\t\t\t\t\t\t<p><strong>ONLINE SAS<\/strong>, sociedad por acciones simplificada con un capital de 214.410,50 euros, filial del grupo Iliad, inscrita en el Registro Mercantil de Par\u00eds con el n\u00famero RCS PARIS B 433 115 904.<\/p>\t\t\t\t\t\t\t\t<\/div>\n\t\t\t\t\t<\/div>\n\t\t<\/div>\n\t\t\t\t\t<\/div>\n\t\t<\/section>\n\t\t\t\t<section class=\"elementor-section elementor-top-section elementor-element elementor-element-7fc27b3e elementor-section-boxed elementor-section-height-default elementor-section-height-default\" data-id=\"7fc27b3e\" data-element_type=\"section\">\n\t\t\t\t\t\t<div class=\"elementor-container elementor-column-gap-default\">\n\t\t\t\t\t<div class=\"elementor-column elementor-col-100 elementor-top-column elementor-element elementor-element-3682e74e\" data-id=\"3682e74e\" data-element_type=\"column\">\n\t\t\t<div class=\"elementor-widget-wrap elementor-element-populated\">\n\t\t\t\t\t\t<div class=\"elementor-element elementor-element-6a4ae1b3 elementor-widget-divider--view-line elementor-widget elementor-widget-divider\" data-id=\"6a4ae1b3\" data-element_type=\"widget\" data-widget_type=\"divider.default\">\n\t\t\t\t\t\t\t<div class=\"elementor-divider\">\n\t\t\t<span class=\"elementor-divider-separator\">\n\t\t\t\t\t\t<\/span>\n\t\t<\/div>\n\t\t\t\t\t\t<\/div>\n\t\t\t\t<div class=\"elementor-element elementor-element-624f28da elementor-widget elementor-widget-heading\" data-id=\"624f28da\" data-element_type=\"widget\" data-widget_type=\"heading.default\">\n\t\t\t\t\t<h2 class=\"elementor-heading-title elementor-size-default\">Limitaci\u00f3n de responsabilidad<\/h2>\t\t\t\t<\/div>\n\t\t\t\t<div class=\"elementor-element elementor-element-304f509a elementor-widget elementor-widget-text-editor\" data-id=\"304f509a\" data-element_type=\"widget\" data-widget_type=\"text-editor.default\">\n\t\t\t\t\t\t\t\t\t<p>Usted utiliza el sitio <strong>www.alenkarobine.com<\/strong> bajo su \u00fanica y entera responsabilidad. <strong>ALENKA ROBINE<\/strong> no se hace responsable de los da\u00f1os directos o indirectos, como, en particular, da\u00f1os materiales, p\u00e9rdida de datos o programas, da\u00f1os financieros, resultantes del uso de este sitio o de los sitios vinculados a \u00e9l.<\/p>\t\t\t\t\t\t\t\t<\/div>\n\t\t\t\t<div class=\"elementor-element elementor-element-3154c43b elementor-widget-divider--view-line elementor-widget elementor-widget-divider\" data-id=\"3154c43b\" data-element_type=\"widget\" data-widget_type=\"divider.default\">\n\t\t\t\t\t\t\t<div class=\"elementor-divider\">\n\t\t\t<span class=\"elementor-divider-separator\">\n\t\t\t\t\t\t<\/span>\n\t\t<\/div>\n\t\t\t\t\t\t<\/div>\n\t\t\t\t<div class=\"elementor-element elementor-element-49d7fcbe elementor-widget elementor-widget-heading\" data-id=\"49d7fcbe\" data-element_type=\"widget\" data-widget_type=\"heading.default\">\n\t\t\t\t\t<h2 class=\"elementor-heading-title elementor-size-default\">Actualizaci\u00f3n<\/h2>\t\t\t\t<\/div>\n\t\t\t\t<div class=\"elementor-element elementor-element-2f21b4b2 elementor-widget elementor-widget-text-editor\" data-id=\"2f21b4b2\" data-element_type=\"widget\" data-widget_type=\"text-editor.default\">\n\t\t\t\t\t\t\t\t\t<p><strong>ALENKA ROBINE<\/strong> se reserva el derecho de modificar y actualizar, sin previo aviso, estos avisos legales y todos los elementos y productos presentados en el sitio. Todas estas modificaciones son de obligado cumplimiento para los usuarios de Internet que deber\u00e1n consultar el presente aviso legal.<\/p>\t\t\t\t\t\t\t\t<\/div>\n\t\t\t\t<div class=\"elementor-element elementor-element-44f7f27 elementor-widget-divider--view-line elementor-widget elementor-widget-divider\" data-id=\"44f7f27\" data-element_type=\"widget\" data-widget_type=\"divider.default\">\n\t\t\t\t\t\t\t<div class=\"elementor-divider\">\n\t\t\t<span class=\"elementor-divider-separator\">\n\t\t\t\t\t\t<\/span>\n\t\t<\/div>\n\t\t\t\t\t\t<\/div>\n\t\t\t\t<div class=\"elementor-element elementor-element-5dca445 elementor-widget elementor-widget-heading\" data-id=\"5dca445\" data-element_type=\"widget\" data-widget_type=\"heading.default\">\n\t\t\t\t\t<h2 class=\"elementor-heading-title elementor-size-default\">Tecnolog\u00edas de la Informaci\u00f3n y Libertades \/ Cookies \/ Datos de seguimiento estad\u00edstico<\/h2>\t\t\t\t<\/div>\n\t\t\t\t<div class=\"elementor-element elementor-element-1214028 elementor-widget elementor-widget-text-editor\" data-id=\"1214028\" data-element_type=\"widget\" data-widget_type=\"text-editor.default\">\n\t\t\t\t\t\t\t\t\t<p>El tratamiento automatizado de datos personales realizado desde el sitio web <strong>www.alenkarobine.com<\/strong> ha sido tratado respetando las exigencias de la legislaci\u00f3n en materia de inform\u00e1tica, archivos y libertades. En particular, se informa al usuario que la informaci\u00f3n que comunica a trav\u00e9s de los formularios presentes en el sitio es necesaria para responder a su solicitud y est\u00e1 destinada a <strong>ALENKA ROBINE<\/strong>, como responsable del tratamiento, con fines administrativos y de gesti\u00f3n comercial.<\/p><p>Se informa al usuario de que tiene un derecho de acceso, consulta y rectificaci\u00f3n que le permite, en su caso, rectificar, completar, actualizar, bloquear o suprimir los datos personales que le conciernen y que sean inexactos, incompletos, ambiguos, no actualizados o cuya recopilaci\u00f3n, uso, comunicaci\u00f3n o retenci\u00f3n est\u00e1 prohibida.<\/p><p>El usuario tambi\u00e9n tiene derecho a oponerse al tratamiento de sus datos por motivos leg\u00edtimos, as\u00ed como a oponerse a que estos datos sean utilizados con fines de prospecci\u00f3n comercial. Todos estos derechos se ejercen ante <strong>ALENKA ROBINE<\/strong> mediante correo postal acompa\u00f1ado de una copia de un documento de identidad con firma que se enviar\u00e1 a: <strong>ALENKA ROBINE<\/strong>, <strong>info@alenkarobine.com<\/strong>.<\/p><p>Utilizamos datos de conexi\u00f3n para nuestras estad\u00edsticas de consulta (tipo de navegador, n\u00famero de visitantes, secciones visitadas, etc.) y para la optimizaci\u00f3n de nuestro sitio en t\u00e9rminos de secciones y navegaci\u00f3n, pero esta informaci\u00f3n no se transmite a terceros.<\/p><p>Lo invitamos a visitar nuestra p\u00e1gina de <a href=\"https:\/\/www.alenkarobine.com\/fr\/politica-de-privacidad-y-cookies\/\">Pol\u00edtica de Privacidad<\/a> para obtener m\u00e1s informaci\u00f3n.<\/p>\t\t\t\t\t\t\t\t<\/div>\n\t\t\t\t<div class=\"elementor-element elementor-element-0d30071 elementor-widget-divider--view-line elementor-widget elementor-widget-divider\" data-id=\"0d30071\" data-element_type=\"widget\" data-widget_type=\"divider.default\">\n\t\t\t\t\t\t\t<div class=\"elementor-divider\">\n\t\t\t<span class=\"elementor-divider-separator\">\n\t\t\t\t\t\t<\/span>\n\t\t<\/div>\n\t\t\t\t\t\t<\/div>\n\t\t\t\t<div class=\"elementor-element elementor-element-17d6032 elementor-widget elementor-widget-heading\" data-id=\"17d6032\" data-element_type=\"widget\" data-widget_type=\"heading.default\">\n\t\t\t\t\t<h2 class=\"elementor-heading-title elementor-size-default\">Propiedad intelectual<\/h2>\t\t\t\t<\/div>\n\t\t\t\t<div class=\"elementor-element elementor-element-2ead04d elementor-widget elementor-widget-text-editor\" data-id=\"2ead04d\" data-element_type=\"widget\" data-widget_type=\"text-editor.default\">\n\t\t\t\t\t\t\t\t\t<p>La estructura general, as\u00ed como el software, los textos, las im\u00e1genes animadas o no, su know-how y todos los dem\u00e1s elementos que componen el sitio son propiedad exclusiva de <strong>ALENKA ROBINE<\/strong>. Cualquier representaci\u00f3n total o parcial de este sitio por cualquier persona, sin la autorizaci\u00f3n expresa de <strong>ALENKA ROBINE<\/strong>, est\u00e1 prohibida y constituir\u00eda una infracci\u00f3n sancionada por los art\u00edculos del C\u00f3digo de Propiedad Intelectual. Lo mismo se aplica a las bases de datos que aparecen, en su caso, en el sitio web y que est\u00e1n protegidas por las disposiciones relativas a la protecci\u00f3n jur\u00eddica de las bases de datos, y de las que <strong>ALENKA ROBINE<\/strong> es productora.<\/p><p><strong>ALENKA ROBINE<\/strong>, sus filiales y sus socios, as\u00ed como los logotipos que aparecen en el sitio son marcas protegidas. Por lo tanto, queda prohibida cualquier reproducci\u00f3n total o parcial de estas marcas o logotipos realizada a partir de elementos del sitio sin la autorizaci\u00f3n expresa de <strong>ALENKA ROBINE<\/strong> en el sentido del C\u00f3digo de Propiedad Intelectual.<\/p><p>Los usuarios y visitantes del sitio web no pueden establecer un hiperv\u00ednculo a este sitio sin la autorizaci\u00f3n previa y expresa de <strong>ALENKA ROBINE<\/strong>. <strong>ALENKA ROBINE<\/strong> no puede ser responsable del acceso de los usuarios a trav\u00e9s de enlaces de hipertexto establecidos en el sitio web a otros recursos presentes en la red. Cualquier litigio relacionado con el uso del sitio <strong>www.alenkarobine.com<\/strong> est\u00e1 sujeto a la ley francesa. El usuario reconoce la competencia exclusiva de los tribunales competentes.<\/p><p>Agradecemos a los usuarios del sitio que nos informen de posibles omisiones o errores mediante el env\u00edo de un mensaje electr\u00f3nico desde la secci\u00f3n de <a href=\"https:\/\/www.alenkarobine.com\/fr\/contacto\/\">contacto<\/a>.<\/p>\t\t\t\t\t\t\t\t<\/div>\n\t\t\t\t\t<\/div>\n\t\t<\/div>\n\t\t\t\t\t<\/div>\n\t\t<\/section>\n\t\t\t\t<\/div>","protected":false},"excerpt":{"rendered":"<p>Notas legales Informaci\u00f3n general Propietario \/ Editor ALENKA ROBINE. El sitio web est\u00e1 representado por Alenka Robine en su calidad de webmaster.Contacto: +34 633 358 212. Dise\u00f1o gr\u00e1fico y desarrollo\/integraci\u00f3n web. Dev &amp; Clic \u2013 SIRET : 843 453 218 00029 \u2013 Capital Social : 2000 \u20ac \u2013 Cuya sede se encuentra : 6-8 Rue [&hellip;]<\/p>","protected":false},"author":1,"featured_media":0,"parent":0,"menu_order":0,"comment_status":"closed","ping_status":"closed","template":"","meta":{"_acf_changed":false,"footnotes":""},"class_list":["post-414","page","type-page","status-publish","hentry"],"acf":[],"yoast_head":"<!-- This site is optimized with the Yoast SEO plugin v25.6 - https:\/\/yoast.com\/wordpress\/plugins\/seo\/ -->\n<title>Notas legales - Alenka Robine Artista fot\u00f3grafa<\/title>\n<meta name=\"description\" content=\"Consulte los notas legales para conocer todo sobre las condiciones de uso del sitio Alenka Robine, incluidos los derechos de autor\" \/>\n<meta name=\"robots\" content=\"index, follow, max-snippet:-1, max-image-preview:large, max-video-preview:-1\" \/>\n<link rel=\"canonical\" href=\"https:\/\/www.alenkarobine.com\/fr\/notas-legales\/\" \/>\n<meta property=\"og:locale\" content=\"fr_FR\" \/>\n<meta property=\"og:type\" content=\"article\" \/>\n<meta property=\"og:title\" content=\"Notas legales - Alenka Robine Artista fot\u00f3grafa\" \/>\n<meta property=\"og:description\" content=\"Consulte los notas legales para conocer todo sobre las condiciones de uso del sitio Alenka Robine, incluidos los derechos de autor\" \/>\n<meta property=\"og:url\" content=\"https:\/\/www.alenkarobine.com\/fr\/notas-legales\/\" \/>\n<meta property=\"og:site_name\" content=\"Alenka Robine\" \/>\n<meta property=\"article:modified_time\" content=\"2024-09-20T13:12:20+00:00\" \/>\n<meta property=\"og:image\" content=\"https:\/\/www.alenkarobine.com\/wp-content\/uploads\/elementor\/thumbs\/logo-alenka-robine-noir-qlxd3f3hhkpn7lg3lbv145lo6hvers285t07p62hog.png\" \/>\n<meta name=\"twitter:card\" content=\"summary_large_image\" \/>\n<meta name=\"twitter:label1\" content=\"Dur\u00e9e de lecture estim\u00e9e\" \/>\n\t<meta name=\"twitter:data1\" content=\"4 minutes\" \/>\n<script type=\"application\/ld+json\" class=\"yoast-schema-graph\">{\"@context\":\"https:\/\/schema.org\",\"@graph\":[{\"@type\":\"WebPage\",\"@id\":\"https:\/\/www.alenkarobine.com\/notas-legales\/\",\"url\":\"https:\/\/www.alenkarobine.com\/notas-legales\/\",\"name\":\"Notas legales - Alenka Robine Artista fot\u00f3grafa\",\"isPartOf\":{\"@id\":\"https:\/\/www.alenkarobine.com\/#website\"},\"primaryImageOfPage\":{\"@id\":\"https:\/\/www.alenkarobine.com\/notas-legales\/#primaryimage\"},\"image\":{\"@id\":\"https:\/\/www.alenkarobine.com\/notas-legales\/#primaryimage\"},\"thumbnailUrl\":\"https:\/\/www.alenkarobine.com\/wp-content\/uploads\/elementor\/thumbs\/logo-alenka-robine-noir-qlxd3f3hhkpn7lg3lbv145lo6hvers285t07p62hog.png\",\"datePublished\":\"2024-03-28T10:58:13+00:00\",\"dateModified\":\"2024-09-20T13:12:20+00:00\",\"description\":\"Consulte los notas legales para conocer todo sobre las condiciones de uso del sitio Alenka Robine, incluidos los derechos de autor\",\"breadcrumb\":{\"@id\":\"https:\/\/www.alenkarobine.com\/notas-legales\/#breadcrumb\"},\"inLanguage\":\"fr-FR\",\"potentialAction\":[{\"@type\":\"ReadAction\",\"target\":[\"https:\/\/www.alenkarobine.com\/notas-legales\/\"]}]},{\"@type\":\"ImageObject\",\"inLanguage\":\"fr-FR\",\"@id\":\"https:\/\/www.alenkarobine.com\/notas-legales\/#primaryimage\",\"url\":\"https:\/\/www.alenkarobine.com\/wp-content\/uploads\/elementor\/thumbs\/logo-alenka-robine-noir-qlxd3f3hhkpn7lg3lbv145lo6hvers285t07p62hog.png\",\"contentUrl\":\"https:\/\/www.alenkarobine.com\/wp-content\/uploads\/elementor\/thumbs\/logo-alenka-robine-noir-qlxd3f3hhkpn7lg3lbv145lo6hvers285t07p62hog.png\"},{\"@type\":\"BreadcrumbList\",\"@id\":\"https:\/\/www.alenkarobine.com\/notas-legales\/#breadcrumb\",\"itemListElement\":[{\"@type\":\"ListItem\",\"position\":1,\"name\":\"Home\",\"item\":\"https:\/\/www.alenkarobine.com\/\"},{\"@type\":\"ListItem\",\"position\":2,\"name\":\"Notas legales\"}]},{\"@type\":\"WebSite\",\"@id\":\"https:\/\/www.alenkarobine.com\/#website\",\"url\":\"https:\/\/www.alenkarobine.com\/\",\"name\":\"Alenka Robine\",\"description\":\"Alenka Robine, Normand\u00eda, Francia, es fot\u00f3grafa especializada en lo participativo y terap\u00e9utico, arteterapeuta transdisciplinar, facilitadora e investigadora mediante la imagen.\",\"potentialAction\":[{\"@type\":\"SearchAction\",\"target\":{\"@type\":\"EntryPoint\",\"urlTemplate\":\"https:\/\/www.alenkarobine.com\/?s={search_term_string}\"},\"query-input\":{\"@type\":\"PropertyValueSpecification\",\"valueRequired\":true,\"valueName\":\"search_term_string\"}}],\"inLanguage\":\"fr-FR\"}]}<\/script>\n<!-- \/ Yoast SEO plugin. -->","yoast_head_json":{"title":"Notas legales - Alenka Robine Artista fot\u00f3grafa","description":"Consulte los notas legales para conocer todo sobre las condiciones de uso del sitio Alenka Robine, incluidos los derechos de autor","robots":{"index":"index","follow":"follow","max-snippet":"max-snippet:-1","max-image-preview":"max-image-preview:large","max-video-preview":"max-video-preview:-1"},"canonical":"https:\/\/www.alenkarobine.com\/fr\/notas-legales\/","og_locale":"fr_FR","og_type":"article","og_title":"Notas legales - Alenka Robine Artista fot\u00f3grafa","og_description":"Consulte los notas legales para conocer todo sobre las condiciones de uso del sitio Alenka Robine, incluidos los derechos de autor","og_url":"https:\/\/www.alenkarobine.com\/fr\/notas-legales\/","og_site_name":"Alenka Robine","article_modified_time":"2024-09-20T13:12:20+00:00","og_image":[{"url":"https:\/\/www.alenkarobine.com\/wp-content\/uploads\/elementor\/thumbs\/logo-alenka-robine-noir-qlxd3f3hhkpn7lg3lbv145lo6hvers285t07p62hog.png","type":"","width":"","height":""}],"twitter_card":"summary_large_image","twitter_misc":{"Dur\u00e9e de lecture estim\u00e9e":"4 minutes"},"schema":{"@context":"https:\/\/schema.org","@graph":[{"@type":"WebPage","@id":"https:\/\/www.alenkarobine.com\/notas-legales\/","url":"https:\/\/www.alenkarobine.com\/notas-legales\/","name":"Notas legales - Alenka Robine Artista fot\u00f3grafa","isPartOf":{"@id":"https:\/\/www.alenkarobine.com\/#website"},"primaryImageOfPage":{"@id":"https:\/\/www.alenkarobine.com\/notas-legales\/#primaryimage"},"image":{"@id":"https:\/\/www.alenkarobine.com\/notas-legales\/#primaryimage"},"thumbnailUrl":"https:\/\/www.alenkarobine.com\/wp-content\/uploads\/elementor\/thumbs\/logo-alenka-robine-noir-qlxd3f3hhkpn7lg3lbv145lo6hvers285t07p62hog.png","datePublished":"2024-03-28T10:58:13+00:00","dateModified":"2024-09-20T13:12:20+00:00","description":"Consulte los notas legales para conocer todo sobre las condiciones de uso del sitio Alenka Robine, incluidos los derechos de autor","breadcrumb":{"@id":"https:\/\/www.alenkarobine.com\/notas-legales\/#breadcrumb"},"inLanguage":"fr-FR","potentialAction":[{"@type":"ReadAction","target":["https:\/\/www.alenkarobine.com\/notas-legales\/"]}]},{"@type":"ImageObject","inLanguage":"fr-FR","@id":"https:\/\/www.alenkarobine.com\/notas-legales\/#primaryimage","url":"https:\/\/www.alenkarobine.com\/wp-content\/uploads\/elementor\/thumbs\/logo-alenka-robine-noir-qlxd3f3hhkpn7lg3lbv145lo6hvers285t07p62hog.png","contentUrl":"https:\/\/www.alenkarobine.com\/wp-content\/uploads\/elementor\/thumbs\/logo-alenka-robine-noir-qlxd3f3hhkpn7lg3lbv145lo6hvers285t07p62hog.png"},{"@type":"BreadcrumbList","@id":"https:\/\/www.alenkarobine.com\/notas-legales\/#breadcrumb","itemListElement":[{"@type":"ListItem","position":1,"name":"Home","item":"https:\/\/www.alenkarobine.com\/"},{"@type":"ListItem","position":2,"name":"Notas legales"}]},{"@type":"WebSite","@id":"https:\/\/www.alenkarobine.com\/#website","url":"https:\/\/www.alenkarobine.com\/","name":"Alenka Robine","description":"Alenka Robine, Normand\u00eda, Francia, es fot\u00f3grafa especializada en lo participativo y terap\u00e9utico, arteterapeuta transdisciplinar, facilitadora e investigadora mediante la imagen.","potentialAction":[{"@type":"SearchAction","target":{"@type":"EntryPoint","urlTemplate":"https:\/\/www.alenkarobine.com\/?s={search_term_string}"},"query-input":{"@type":"PropertyValueSpecification","valueRequired":true,"valueName":"search_term_string"}}],"inLanguage":"fr-FR"}]}},"_links":{"self":[{"href":"https:\/\/www.alenkarobine.com\/fr\/wp-json\/wp\/v2\/pages\/414","targetHints":{"allow":["GET"]}}],"collection":[{"href":"https:\/\/www.alenkarobine.com\/fr\/wp-json\/wp\/v2\/pages"}],"about":[{"href":"https:\/\/www.alenkarobine.com\/fr\/wp-json\/wp\/v2\/types\/page"}],"author":[{"embeddable":true,"href":"https:\/\/www.alenkarobine.com\/fr\/wp-json\/wp\/v2\/users\/1"}],"replies":[{"embeddable":true,"href":"https:\/\/www.alenkarobine.com\/fr\/wp-json\/wp\/v2\/comments?post=414"}],"version-history":[{"count":0,"href":"https:\/\/www.alenkarobine.com\/fr\/wp-json\/wp\/v2\/pages\/414\/revisions"}],"wp:attachment":[{"href":"https:\/\/www.alenkarobine.com\/fr\/wp-json\/wp\/v2\/media?parent=414"}],"curies":[{"name":"wp","href":"https:\/\/api.w.org\/{rel}","templated":true}]}}