{"id":3132,"date":"2025-06-04T18:05:49","date_gmt":"2025-06-04T16:05:49","guid":{"rendered":"https:\/\/www.alenkarobine.com\/?page_id=3132"},"modified":"2025-07-07T12:01:25","modified_gmt":"2025-07-07T10:01:25","slug":"contacto-2","status":"publish","type":"page","link":"https:\/\/www.alenkarobine.com\/fr\/contacto-2\/","title":{"rendered":"Contact"},"content":{"rendered":"<div data-elementor-type=\"wp-page\" data-elementor-id=\"3132\" class=\"elementor elementor-3132\" data-elementor-post-type=\"page\">\n\t\t\t\t<div class=\"elementor-element elementor-element-e099d29 e-flex e-con-boxed e-con e-parent\" data-id=\"e099d29\" data-element_type=\"container\" data-settings=\"{&quot;background_background&quot;:&quot;classic&quot;}\">\n\t\t\t\t\t<div class=\"e-con-inner\">\n\t\t<div class=\"elementor-element elementor-element-270a401 e-con-full e-flex e-con e-child\" data-id=\"270a401\" data-element_type=\"container\">\n\t\t<div class=\"elementor-element elementor-element-c991ea1 e-con-full e-flex e-con e-child\" data-id=\"c991ea1\" data-element_type=\"container\" data-settings=\"{&quot;background_background&quot;:&quot;classic&quot;}\">\n\t\t<div class=\"elementor-element elementor-element-f6a51e3 e-con-full e-flex e-con e-child\" data-id=\"f6a51e3\" data-element_type=\"container\">\n\t\t\t\t<div class=\"elementor-element elementor-element-62ae72b elementor-widget elementor-widget-heading\" data-id=\"62ae72b\" data-element_type=\"widget\" data-widget_type=\"heading.default\">\n\t\t\t\t\t<h1 class=\"elementor-heading-title elementor-size-default\">Contact<\/h1>\t\t\t\t<\/div>\n\t\t\t\t<\/div>\n\t\t\t\t<\/div>\n\t\t\t\t<\/div>\n\t\t\t\t\t<\/div>\n\t\t\t\t<\/div>\n\t\t<div class=\"elementor-element elementor-element-deab9f9 e-con-full e-flex e-con e-parent\" data-id=\"deab9f9\" data-element_type=\"container\">\n\t\t<div class=\"elementor-element elementor-element-14a465b animated-slow e-flex e-con-boxed elementor-invisible e-con e-child\" data-id=\"14a465b\" data-element_type=\"container\" data-settings=\"{&quot;animation&quot;:&quot;fadeIn&quot;,&quot;animation_delay&quot;:200}\">\n\t\t\t\t\t<div class=\"e-con-inner\">\n\t\t<div class=\"elementor-element elementor-element-8a92c48 e-flex e-con-boxed e-con e-child\" data-id=\"8a92c48\" data-element_type=\"container\">\n\t\t\t\t\t<div class=\"e-con-inner\">\n\t\t\t\t<div class=\"elementor-element elementor-element-f1edd79 elementor-widget__width-initial elementor-widget elementor-widget-text-editor\" data-id=\"f1edd79\" data-element_type=\"widget\" data-widget_type=\"text-editor.default\">\n\t\t\t\t\t\t\t\t\t<p>Si quieres saber m\u00e1s sobre las sesiones, acompa\u00f1amientos, formaciones, talleres o colaboraciones, puedes escribirme a:<\/p>\t\t\t\t\t\t\t\t<\/div>\n\t\t\t\t<div class=\"elementor-element elementor-element-ecfb907 elementor-align-center elementor-icon-list--layout-traditional elementor-list-item-link-full_width elementor-widget elementor-widget-icon-list\" data-id=\"ecfb907\" data-element_type=\"widget\" data-widget_type=\"icon-list.default\">\n\t\t\t\t\t\t\t<ul class=\"elementor-icon-list-items\">\n\t\t\t\t\t\t\t<li class=\"elementor-icon-list-item\">\n\t\t\t\t\t\t\t\t\t\t\t<a href=\"mailto:info@alenkarobine.com\">\n\n\t\t\t\t\t\t\t\t\t\t\t<span class=\"elementor-icon-list-text\">\ud83d\udce9 info@alenkarobine.com<\/span>\n\t\t\t\t\t\t\t\t\t\t\t<\/a>\n\t\t\t\t\t\t\t\t\t<\/li>\n\t\t\t\t\t\t\t\t<li class=\"elementor-icon-list-item\">\n\t\t\t\t\t\t\t\t\t\t\t<a href=\"tel:+34%20633%20358%20212\">\n\n\t\t\t\t\t\t\t\t\t\t\t<span class=\"elementor-icon-list-text\">\ud83d\udcde +34 633 358 212 <\/span>\n\t\t\t\t\t\t\t\t\t\t\t<\/a>\n\t\t\t\t\t\t\t\t\t<\/li>\n\t\t\t\t\t\t\t\t<li class=\"elementor-icon-list-item\">\n\t\t\t\t\t\t\t\t\t\t<span class=\"elementor-icon-list-text\">De lunes a viernes, de 10:00h a 19:00h<\/span>\n\t\t\t\t\t\t\t\t\t<\/li>\n\t\t\t\t\t\t<\/ul>\n\t\t\t\t\t\t<\/div>\n\t\t\t\t<div class=\"elementor-element elementor-element-76dd09c elementor-widget__width-initial elementor-widget elementor-widget-text-editor\" data-id=\"76dd09c\" data-element_type=\"widget\" data-widget_type=\"text-editor.default\">\n\t\t\t\t\t\t\t\t\t<p><span style=\"font-weight: 400;\">Tambi\u00e9n puedes usar el formulario para enviarme tu consulta.<\/span><\/p><p><span style=\"font-weight: 400;\">Trabajo principalmente en <\/span><b>Madrid<\/b><span style=\"font-weight: 400;\"> y en <\/span><b>Francia<\/b><span style=\"font-weight: 400;\">, pero tambi\u00e9n viajo all\u00ed donde el proyecto lo merezca. <\/span><\/p><p><span style=\"font-weight: 400;\">Ofrezco acompa\u00f1amientos presenciales y <\/span><b>online<\/b><span style=\"font-weight: 400;\">. <\/span><span style=\"font-weight: 400;\">Responder\u00e9 personalmente lo antes posible.<\/span><\/p><p><span style=\"font-weight: 400;\">Gracias por tu inter\u00e9s y tu confianza.<\/span><\/p>\t\t\t\t\t\t\t\t<\/div>\n\t\t\t\t\t<\/div>\n\t\t\t\t<\/div>\n\t\t<div class=\"elementor-element elementor-element-0791b78 e-con-full e-flex e-con e-child\" data-id=\"0791b78\" data-element_type=\"container\" data-settings=\"{&quot;background_background&quot;:&quot;classic&quot;}\">\n\t\t\t\t<div class=\"elementor-element elementor-element-a15c005 elementor-widget elementor-widget-shortcode\" data-id=\"a15c005\" data-element_type=\"widget\" data-widget_type=\"shortcode.default\">\n\t\t\t\t\t\t\t<div class=\"elementor-shortcode\">\t\t<div data-elementor-type=\"container\" data-elementor-id=\"3138\" class=\"elementor elementor-3138\" data-elementor-post-type=\"elementor_library\">\n\t\t\t\t<div class=\"elementor-element elementor-element-484eb815 e-con-full e-flex e-con e-parent\" data-id=\"484eb815\" data-element_type=\"container\">\n\t\t\t\t<div class=\"elementor-element elementor-element-47a93744 elementor-button-align-start elementor-widget elementor-widget-form\" data-id=\"47a93744\" data-element_type=\"widget\" data-settings=\"{&quot;step_next_label&quot;:&quot;Siguiente&quot;,&quot;step_previous_label&quot;:&quot;Anterior&quot;,&quot;button_width&quot;:&quot;100&quot;,&quot;step_type&quot;:&quot;number_text&quot;,&quot;step_icon_shape&quot;:&quot;circle&quot;}\" data-widget_type=\"form.default\">\n\t\t\t\t\t\t\t<form class=\"elementor-form\" method=\"post\" id=\"fom_contacto\" name=\"formulario contacto\" aria-label=\"formulario contacto\" action=\"\">\n\t\t\t<input type=\"hidden\" name=\"post_id\" value=\"3138\"\/>\n\t\t\t<input type=\"hidden\" name=\"form_id\" value=\"47a93744\"\/>\n\t\t\t<input type=\"hidden\" name=\"referer_title\" value=\"Contacto - Alenka Robine\" \/>\n\n\t\t\t\t\t\t\t<input type=\"hidden\" name=\"queried_id\" value=\"3132\"\/>\n\t\t\t\n\t\t\t<div class=\"elementor-form-fields-wrapper elementor-labels-above\">\n\t\t\t\t\t\t\t\t<div class=\"elementor-field-type-text elementor-field-group elementor-column elementor-field-group-name elementor-col-100 elementor-field-required elementor-mark-required\">\n\t\t\t\t\t\t\t\t\t\t\t\t<label for=\"form-field-name\" class=\"elementor-field-label\">\n\t\t\t\t\t\t\t\tNombre\t\t\t\t\t\t\t<\/label>\n\t\t\t\t\t\t\t\t\t\t\t\t\t\t<input size=\"1\" type=\"text\" name=\"form_fields[name]\" id=\"form-field-name\" class=\"elementor-field elementor-size-md  elementor-field-textual\" required=\"required\">\n\t\t\t\t\t\t\t\t\t\t\t<\/div>\n\t\t\t\t\t\t\t\t<div class=\"elementor-field-type-tel elementor-field-group elementor-column elementor-field-group-field_da5a957 elementor-col-40 elementor-field-required elementor-mark-required\">\n\t\t\t\t\t\t\t\t\t\t\t\t<label for=\"form-field-field_da5a957\" class=\"elementor-field-label\">\n\t\t\t\t\t\t\t\tTel\u00e9fono\t\t\t\t\t\t\t<\/label>\n\t\t\t\t\t\t\t\t<input size=\"1\" type=\"tel\" name=\"form_fields[field_da5a957]\" id=\"form-field-field_da5a957\" class=\"elementor-field elementor-size-md  elementor-field-textual\" required=\"required\" pattern=\"[0-9()#&amp;+*-=.]+\" title=\"Solo se aceptan n\u00fameros y caracteres de tel\u00e9fono (#,-,*,etc).\">\n\n\t\t\t\t\t\t<\/div>\n\t\t\t\t\t\t\t\t<div class=\"elementor-field-type-email elementor-field-group elementor-column elementor-field-group-email elementor-col-60 elementor-field-required elementor-mark-required\">\n\t\t\t\t\t\t\t\t\t\t\t\t<label for=\"form-field-email\" class=\"elementor-field-label\">\n\t\t\t\t\t\t\t\tCorreo electr\u00f3nico\t\t\t\t\t\t\t<\/label>\n\t\t\t\t\t\t\t\t\t\t\t\t\t\t<input size=\"1\" type=\"email\" name=\"form_fields[email]\" id=\"form-field-email\" class=\"elementor-field elementor-size-md  elementor-field-textual\" required=\"required\">\n\t\t\t\t\t\t\t\t\t\t\t<\/div>\n\t\t\t\t\t\t\t\t<div class=\"elementor-field-type-textarea elementor-field-group elementor-column elementor-field-group-message elementor-col-100\">\n\t\t\t\t\t\t\t\t\t\t\t\t<label for=\"form-field-message\" class=\"elementor-field-label\">\n\t\t\t\t\t\t\t\tMensaje\t\t\t\t\t\t\t<\/label>\n\t\t\t\t\t\t<textarea class=\"elementor-field-textual elementor-field  elementor-size-md\" name=\"form_fields[message]\" id=\"form-field-message\" rows=\"2\"><\/textarea>\t\t\t\t<\/div>\n\t\t\t\t\t\t\t\t<div class=\"elementor-field-type-acceptance elementor-field-group elementor-column elementor-field-group-field_340d1ef elementor-col-100 elementor-field-required elementor-mark-required\">\n\t\t\t\t\t\t\t<div class=\"elementor-field-subgroup\">\n\t\t\t<span class=\"elementor-field-option\">\n\t\t\t\t<input type=\"checkbox\" name=\"form_fields[field_340d1ef]\" id=\"form-field-field_340d1ef\" class=\"elementor-field elementor-size-md  elementor-acceptance-field\" required=\"required\">\n\t\t\t\t<label for=\"form-field-field_340d1ef\"><span> He le\u00eddo y acepto la <a href=\"\/fr\/politica-de-privacidad\/\" aria-label=\"pol\u00edtica de privacidad\" target=\"blank\" style=\"font-size:16;\">Pol\u00edtica de Privacidad.<\/a>*<\/span><\/label>\t\t\t<\/span>\n\t\t<\/div>\n\t\t\t\t\t\t<\/div>\n\t\t\t\t\t\t\t\t<div class=\"elementor-field-type-recaptcha_v3 elementor-field-group elementor-column elementor-field-group-field_1769bcf elementor-col-100 recaptcha_v3-bottomleft\">\n\t\t\t\t\t<div class=\"elementor-field\" id=\"form-field-field_1769bcf\"><\/div>\t\t\t\t<\/div>\n\t\t\t\t\t\t\t\t<div class=\"elementor-field-type-html elementor-field-group elementor-column elementor-field-group-field_2cc3ea0 elementor-col-100\">\n\t\t\t\t\t<label class=\"sr-only\" for=\"g-recaptcha-response\">Google Recaptcha<\/label>\t\t\t\t<\/div>\n\t\t\t\t\t\t\t\t<div class=\"elementor-field-group elementor-column elementor-field-type-submit elementor-col-100 e-form__buttons\">\n\t\t\t\t\t<button class=\"elementor-button elementor-size-xs\" type=\"submit\">\n\t\t\t\t\t\t<span class=\"elementor-button-content-wrapper\">\n\t\t\t\t\t\t\t\t\t\t\t\t\t\t\t<span class=\"elementor-button-icon\">\n\t\t\t\t\t\t\t\t\t<svg aria-hidden=\"true\" class=\"e-font-icon-svg e-far-envelope\" viewbox=\"0 0 512 512\" xmlns=\"http:\/\/www.w3.org\/2000\/svg\"><path d=\"M464 64H48C21.49 64 0 85.49 0 112v288c0 26.51 21.49 48 48 48h416c26.51 0 48-21.49 48-48V112c0-26.51-21.49-48-48-48zm0 48v40.805c-22.422 18.259-58.168 46.651-134.587 106.49-16.841 13.247-50.201 45.072-73.413 44.701-23.208.375-56.579-31.459-73.413-44.701C106.18 199.465 70.425 171.067 48 152.805V112h416zM48 400V214.398c22.914 18.251 55.409 43.862 104.938 82.646 21.857 17.205 60.134 55.186 103.062 54.955 42.717.231 80.509-37.199 103.053-54.947 49.528-38.783 82.032-64.401 104.947-82.653V400H48z\"><\/path><\/svg>\t\t\t\t\t\t\t\t\t\t\t\t\t\t\t\t\t<\/span>\n\t\t\t\t\t\t\t\t\t\t\t\t\t\t\t\t\t\t\t\t\t\t<span class=\"elementor-button-text\">Enviar<\/span>\n\t\t\t\t\t\t\t\t\t\t\t\t\t<\/span>\n\t\t\t\t\t<\/button>\n\t\t\t\t<\/div>\n\t\t\t<\/div>\n\t\t<input type=\"hidden\" name=\"trp-form-language\" value=\"fr\"\/><\/form>\n\t\t\t\t\t\t<\/div>\n\t\t\t\t<div class=\"elementor-element elementor-element-2e75e4d9 elementor-hidden-desktop elementor-hidden-tablet elementor-widget elementor-widget-html\" data-id=\"2e75e4d9\" data-element_type=\"widget\" data-widget_type=\"html.default\">\n\t\t\t\t\t<style>\nspan.xmine,a.xmine{\n    color:#666;\n    font-size: 16px;\n}\n.sr-only {\n  position:absolute;\n  left:-10000px;\n  top:auto;\n  width:1px;\n  height:1px;\n  overflow:hidden;\n}\n@media (max-width: 768px){\n    .grecaptcha-badge { \n    visibility: hidden;\n}\n}\n<\/style>\n\n<span class=\"xmine\">\n    Este sitio est\u00e1 protegido por reCAPTCHA y se aplican la \n   <a class=\"xmine\" href=\"https:\/\/policies.google.com\/privacy\" target=\"_blank\" rel=\"noopener\">pol\u00edtica de privacidad\n   <\/a>\n   y \n   <a class=\"xmine\" href=\"https:\/\/policies.google.com\/terms\" target=\"_blank\" rel=\"noopener\">\n       t\u00e9rminos del servicio\n    <\/a>\n    de Google.\n<\/span>\t\t\t\t<\/div>\n\t\t\t\t<\/div>\n\t\t\t\t<\/div>\n\t\t<\/div>\n\t\t\t\t\t\t<\/div>\n\t\t\t\t<\/div>\n\t\t\t\t\t<\/div>\n\t\t\t\t<\/div>\n\t\t\t\t<\/div>\n\t\t<div class=\"elementor-element elementor-element-851933c e-con-full e-flex e-con e-parent\" data-id=\"851933c\" data-element_type=\"container\">\n\t\t\t\t<div class=\"elementor-element elementor-element-a583d34 elementor-widget elementor-widget-google_maps\" data-id=\"a583d34\" data-element_type=\"widget\" data-widget_type=\"google_maps.default\">\n\t\t\t\t\t\t\t<div class=\"elementor-custom-embed\">\n\t\t\t<iframe loading=\"lazy\"\n\t\t\t\t\tsrc=\"https:\/\/maps.google.com\/maps?q=TuPatio%20Hall%20de%20Artistas%20-%20Eduardo%20Marquina%2C%207&#038;t=m&#038;z=13&#038;output=embed&#038;iwloc=near\"\n\t\t\t\t\ttitle=\"TuPatio Hall of Artists - Eduardo Marquina, 7\"\n\t\t\t\t\taria-label=\"TuPatio Hall of Artists - Eduardo Marquina, 7\"\n\t\t\t><\/iframe>\n\t\t<\/div>\n\t\t\t\t\t\t<\/div>\n\t\t\t\t<\/div>\n\t\t\t\t<\/div>","protected":false},"excerpt":{"rendered":"<p>Contacto Si quieres saber m\u00e1s sobre las sesiones, acompa\u00f1amientos, formaciones, talleres o colaboraciones, puedes escribirme a: \ud83d\udce9 info@alenkarobine.com \ud83d\udcde +34 633 358 212 De lunes a viernes, de 10:00h a 19:00h Tambi\u00e9n puedes usar el formulario para enviarme tu consulta. Trabajo principalmente en Madrid y en Francia, pero tambi\u00e9n viajo all\u00ed donde el proyecto lo [&hellip;]<\/p>","protected":false},"author":2,"featured_media":0,"parent":0,"menu_order":0,"comment_status":"closed","ping_status":"closed","template":"elementor_theme","meta":{"_acf_changed":false,"footnotes":""},"class_list":["post-3132","page","type-page","status-publish","hentry"],"acf":[],"yoast_head":"<!-- This site is optimized with the Yoast SEO plugin v25.6 - https:\/\/yoast.com\/wordpress\/plugins\/seo\/ -->\n<title>Contacto - Alenka Robine<\/title>\n<meta name=\"robots\" content=\"index, follow, max-snippet:-1, max-image-preview:large, max-video-preview:-1\" \/>\n<link rel=\"canonical\" href=\"https:\/\/www.alenkarobine.com\/fr\/contacto-2\/\" \/>\n<meta property=\"og:locale\" content=\"fr_FR\" \/>\n<meta property=\"og:type\" content=\"article\" \/>\n<meta property=\"og:title\" content=\"Contacto - Alenka Robine\" \/>\n<meta property=\"og:description\" content=\"Contacto Si quieres saber m\u00e1s sobre las sesiones, acompa\u00f1amientos, formaciones, talleres o colaboraciones, puedes escribirme a: \ud83d\udce9 info@alenkarobine.com \ud83d\udcde +34 633 358 212 De lunes a viernes, de 10:00h a 19:00h Tambi\u00e9n puedes usar el formulario para enviarme tu consulta. Trabajo principalmente en Madrid y en Francia, pero tambi\u00e9n viajo all\u00ed donde el proyecto lo [&hellip;]\" \/>\n<meta property=\"og:url\" content=\"https:\/\/www.alenkarobine.com\/fr\/contacto-2\/\" \/>\n<meta property=\"og:site_name\" content=\"Alenka Robine\" \/>\n<meta property=\"article:modified_time\" content=\"2025-07-07T10:01:25+00:00\" \/>\n<meta property=\"og:image\" content=\"https:\/\/www.alenkarobine.com\/wp-content\/uploads\/2024\/05\/social_default_1200x630.jpg\" \/>\n\t<meta property=\"og:image:width\" content=\"1200\" \/>\n\t<meta property=\"og:image:height\" content=\"630\" \/>\n\t<meta property=\"og:image:type\" content=\"image\/jpeg\" \/>\n<meta name=\"twitter:card\" content=\"summary_large_image\" \/>\n<meta name=\"twitter:label1\" content=\"Dur\u00e9e de lecture estim\u00e9e\" \/>\n\t<meta name=\"twitter:data1\" content=\"2 minutes\" \/>\n<script type=\"application\/ld+json\" class=\"yoast-schema-graph\">{\"@context\":\"https:\/\/schema.org\",\"@graph\":[{\"@type\":\"WebPage\",\"@id\":\"https:\/\/www.alenkarobine.com\/contacto-2\/\",\"url\":\"https:\/\/www.alenkarobine.com\/contacto-2\/\",\"name\":\"Contacto - Alenka Robine\",\"isPartOf\":{\"@id\":\"https:\/\/www.alenkarobine.com\/#website\"},\"datePublished\":\"2025-06-04T16:05:49+00:00\",\"dateModified\":\"2025-07-07T10:01:25+00:00\",\"breadcrumb\":{\"@id\":\"https:\/\/www.alenkarobine.com\/contacto-2\/#breadcrumb\"},\"inLanguage\":\"fr-FR\",\"potentialAction\":[{\"@type\":\"ReadAction\",\"target\":[\"https:\/\/www.alenkarobine.com\/contacto-2\/\"]}]},{\"@type\":\"BreadcrumbList\",\"@id\":\"https:\/\/www.alenkarobine.com\/contacto-2\/#breadcrumb\",\"itemListElement\":[{\"@type\":\"ListItem\",\"position\":1,\"name\":\"Home\",\"item\":\"https:\/\/www.alenkarobine.com\/\"},{\"@type\":\"ListItem\",\"position\":2,\"name\":\"Contacto\"}]},{\"@type\":\"WebSite\",\"@id\":\"https:\/\/www.alenkarobine.com\/#website\",\"url\":\"https:\/\/www.alenkarobine.com\/\",\"name\":\"Alenka Robine\",\"description\":\"Alenka Robine, Normand\u00eda, Francia, es fot\u00f3grafa especializada en lo participativo y terap\u00e9utico, arteterapeuta transdisciplinar, facilitadora e investigadora mediante la imagen.\",\"potentialAction\":[{\"@type\":\"SearchAction\",\"target\":{\"@type\":\"EntryPoint\",\"urlTemplate\":\"https:\/\/www.alenkarobine.com\/?s={search_term_string}\"},\"query-input\":{\"@type\":\"PropertyValueSpecification\",\"valueRequired\":true,\"valueName\":\"search_term_string\"}}],\"inLanguage\":\"fr-FR\"}]}<\/script>\n<!-- \/ Yoast SEO plugin. -->","yoast_head_json":{"title":"Contacto - Alenka Robine","robots":{"index":"index","follow":"follow","max-snippet":"max-snippet:-1","max-image-preview":"max-image-preview:large","max-video-preview":"max-video-preview:-1"},"canonical":"https:\/\/www.alenkarobine.com\/fr\/contacto-2\/","og_locale":"fr_FR","og_type":"article","og_title":"Contacto - Alenka Robine","og_description":"Contacto Si quieres saber m\u00e1s sobre las sesiones, acompa\u00f1amientos, formaciones, talleres o colaboraciones, puedes escribirme a: \ud83d\udce9 info@alenkarobine.com \ud83d\udcde +34 633 358 212 De lunes a viernes, de 10:00h a 19:00h Tambi\u00e9n puedes usar el formulario para enviarme tu consulta. Trabajo principalmente en Madrid y en Francia, pero tambi\u00e9n viajo all\u00ed donde el proyecto lo [&hellip;]","og_url":"https:\/\/www.alenkarobine.com\/fr\/contacto-2\/","og_site_name":"Alenka Robine","article_modified_time":"2025-07-07T10:01:25+00:00","og_image":[{"width":1200,"height":630,"url":"https:\/\/www.alenkarobine.com\/wp-content\/uploads\/2024\/05\/social_default_1200x630.jpg","type":"image\/jpeg"}],"twitter_card":"summary_large_image","twitter_misc":{"Dur\u00e9e de lecture estim\u00e9e":"2 minutes"},"schema":{"@context":"https:\/\/schema.org","@graph":[{"@type":"WebPage","@id":"https:\/\/www.alenkarobine.com\/contacto-2\/","url":"https:\/\/www.alenkarobine.com\/contacto-2\/","name":"Contacto - Alenka Robine","isPartOf":{"@id":"https:\/\/www.alenkarobine.com\/#website"},"datePublished":"2025-06-04T16:05:49+00:00","dateModified":"2025-07-07T10:01:25+00:00","breadcrumb":{"@id":"https:\/\/www.alenkarobine.com\/contacto-2\/#breadcrumb"},"inLanguage":"fr-FR","potentialAction":[{"@type":"ReadAction","target":["https:\/\/www.alenkarobine.com\/contacto-2\/"]}]},{"@type":"BreadcrumbList","@id":"https:\/\/www.alenkarobine.com\/contacto-2\/#breadcrumb","itemListElement":[{"@type":"ListItem","position":1,"name":"Home","item":"https:\/\/www.alenkarobine.com\/"},{"@type":"ListItem","position":2,"name":"Contacto"}]},{"@type":"WebSite","@id":"https:\/\/www.alenkarobine.com\/#website","url":"https:\/\/www.alenkarobine.com\/","name":"Alenka Robine","description":"Alenka Robine, Normand\u00eda, Francia, es fot\u00f3grafa especializada en lo participativo y terap\u00e9utico, arteterapeuta transdisciplinar, facilitadora e investigadora mediante la imagen.","potentialAction":[{"@type":"SearchAction","target":{"@type":"EntryPoint","urlTemplate":"https:\/\/www.alenkarobine.com\/?s={search_term_string}"},"query-input":{"@type":"PropertyValueSpecification","valueRequired":true,"valueName":"search_term_string"}}],"inLanguage":"fr-FR"}]}},"_links":{"self":[{"href":"https:\/\/www.alenkarobine.com\/fr\/wp-json\/wp\/v2\/pages\/3132","targetHints":{"allow":["GET"]}}],"collection":[{"href":"https:\/\/www.alenkarobine.com\/fr\/wp-json\/wp\/v2\/pages"}],"about":[{"href":"https:\/\/www.alenkarobine.com\/fr\/wp-json\/wp\/v2\/types\/page"}],"author":[{"embeddable":true,"href":"https:\/\/www.alenkarobine.com\/fr\/wp-json\/wp\/v2\/users\/2"}],"replies":[{"embeddable":true,"href":"https:\/\/www.alenkarobine.com\/fr\/wp-json\/wp\/v2\/comments?post=3132"}],"version-history":[{"count":0,"href":"https:\/\/www.alenkarobine.com\/fr\/wp-json\/wp\/v2\/pages\/3132\/revisions"}],"wp:attachment":[{"href":"https:\/\/www.alenkarobine.com\/fr\/wp-json\/wp\/v2\/media?parent=3132"}],"curies":[{"name":"wp","href":"https:\/\/api.w.org\/{rel}","templated":true}]}}