{"id":3089,"date":"2025-06-04T16:07:06","date_gmt":"2025-06-04T14:07:06","guid":{"rendered":"https:\/\/www.alenkarobine.com\/?page_id=3089"},"modified":"2025-07-07T11:57:38","modified_gmt":"2025-07-07T09:57:38","slug":"consultoria-creativa-formacion1","status":"publish","type":"page","link":"https:\/\/www.alenkarobine.com\/fr\/consultoria-creativa-formacion1\/","title":{"rendered":"Consultoria\u00a0creativa &amp; formacion1"},"content":{"rendered":"<div data-elementor-type=\"wp-page\" data-elementor-id=\"3089\" class=\"elementor elementor-3089\" data-elementor-post-type=\"page\">\n\t\t\t\t<div class=\"elementor-element elementor-element-3ca0472 e-flex e-con-boxed e-con e-parent\" data-id=\"3ca0472\" data-element_type=\"container\" data-settings=\"{&quot;background_background&quot;:&quot;classic&quot;}\">\n\t\t\t\t\t<div class=\"e-con-inner\">\n\t\t\t\t<div class=\"elementor-element elementor-element-945c068 elementor-widget elementor-widget-heading\" data-id=\"945c068\" data-element_type=\"widget\" data-widget_type=\"heading.default\">\n\t\t\t\t\t<h2 class=\"elementor-heading-title elementor-size-default\">Consultoria creativa y formaciones<\/h2>\t\t\t\t<\/div>\n\t\t\t\t\t<\/div>\n\t\t\t\t<\/div>\n\t\t<div class=\"elementor-element elementor-element-6765a20 e-flex e-con-boxed e-con e-parent\" data-id=\"6765a20\" data-element_type=\"container\" data-settings=\"{&quot;background_background&quot;:&quot;classic&quot;}\">\n\t\t\t\t\t<div class=\"e-con-inner\">\n\t\t\t\t<div class=\"elementor-element elementor-element-31dbddc elementor-widget elementor-widget-heading\" data-id=\"31dbddc\" data-element_type=\"widget\" data-widget_type=\"heading.default\">\n\t\t\t\t\t<h2 class=\"elementor-heading-title elementor-size-large\">Acompa\u00f1ar desde la escucha, el impulso creativo y el respeto por los procesos.\nCreo en la potencia del arte como motor de transformaci\u00f3n personal y colectiva.\n<\/h2>\t\t\t\t<\/div>\n\t\t<div class=\"elementor-element elementor-element-023ba6f e-con-full e-flex elementor-invisible e-con e-child\" data-id=\"023ba6f\" data-element_type=\"container\" data-settings=\"{&quot;animation&quot;:&quot;zoomIn&quot;}\">\n\t\t\t\t<div class=\"elementor-element elementor-element-fef4088 elementor-widget elementor-widget-text-editor\" data-id=\"fef4088\" data-element_type=\"widget\" data-widget_type=\"text-editor.default\">\n\t\t\t\t\t\t\t\t\t<p>En cada acompa\u00f1amiento creativo, ofrezco un espacio donde la autenticidad, la intuici\u00f3n y la mirada cr\u00edtica puedan dialogar.<br \/>Trabajo con artistas, colectivos y personas en b\u00fasqueda de claridad, foco o inspiraci\u00f3n.<br \/>Desde una pr\u00e1ctica amorosa, profunda y comprometida.<\/p>\t\t\t\t\t\t\t\t<\/div>\n\t\t\t\t<div class=\"elementor-element elementor-element-7871528 elementor-widget elementor-widget-text-editor\" data-id=\"7871528\" data-element_type=\"widget\" data-widget_type=\"text-editor.default\">\n\t\t\t\t\t\t\t\t\t<p><em>Me gusta la gente que vibra,<\/em><br \/><em>que no hay que empujarla,<\/em><br \/><em>que no hay que decirle que haga las cosas,<\/em><br \/><em>sino que sabe lo que hay que hacer y lo hace&#8230;<\/em><\/p><p><em>Me gusta la gente capaz de entender que el mayor error del ser humano<\/em><br \/><em>es intentar sacarse de la cabeza aquello que no sale del coraz\u00f3n&#8230;<\/em><\/p><p><em>La sensibilidad, el coraje, la solidaridad, la bondad, el respeto, la tranquilidad, los valores, la alegr\u00eda, <\/em><br \/><em>la humildad, la fe, la felicidad, el tacto, la confianza, la esperanza, el agradecimiento, <\/em><br \/><em>la sabidur\u00eda, los sue\u00f1os, el arrepentimiento y el amor para los dem\u00e1s y propio,<\/em><br \/><em>son cosas fundamentales para llamarse GENTE.<\/em><br \/><br \/><em>Con gente como \u00e9sa, me comprometo para lo que sea por el resto de mi vida,<\/em><br \/><em>ya que por tenerlos junto a m\u00ed, me doy por bien retribuido.<\/em><\/p><p>\u00a0<\/p><p>\u2014 Mario Benedetti<\/p>\t\t\t\t\t\t\t\t<\/div>\n\t\t\t\t<div class=\"elementor-element elementor-element-58e6835 elementor-widget elementor-widget-heading\" data-id=\"58e6835\" data-element_type=\"widget\" data-widget_type=\"heading.default\">\n\t\t\t\t\t<h2 class=\"elementor-heading-title elementor-size-default\">Un poema que me acompa\u00f1a y que refleja la sensibilidad con la que me gusta trabajar.\n<\/h2>\t\t\t\t<\/div>\n\t\t\t\t<\/div>\n\t\t\t\t\t<\/div>\n\t\t\t\t<\/div>\n\t\t<div class=\"elementor-element elementor-element-46fdc3e e-con-full e-flex e-con e-parent\" data-id=\"46fdc3e\" data-element_type=\"container\" data-settings=\"{&quot;background_background&quot;:&quot;classic&quot;}\">\n\t\t\t\t<div class=\"elementor-element elementor-element-814454c e-n-tabs-none elementor-widget elementor-widget-n-tabs\" data-id=\"814454c\" data-element_type=\"widget\" data-settings=\"{&quot;horizontal_scroll&quot;:&quot;disable&quot;}\" data-widget_type=\"nested-tabs.default\">\n\t\t\t\t\t\t\t<div class=\"e-n-tabs\" data-widget-number=\"135546188\" aria-label=\"Pesta\u00f1as. Abre elementos con Intro o Espacio, ci\u00e9rralos con Escape y navega con las fechas.\">\n\t\t\t<div class=\"e-n-tabs-heading\" role=\"tablist\">\n\t\t\t\t\t<button id=\"e-n-tab-title-1355461881\" class=\"e-n-tab-title\" aria-selected=\"true\" data-tab-index=\"1\" role=\"tab\" tabindex=\"0\" aria-controls=\"e-n-tab-content-1355461881\" style=\"--n-tabs-title-order: 1;\">\n\t\t\t\t\t\t<span class=\"e-n-tab-title-text\">\n\t\t\t\tConsultoria creativa\t\t\t<\/span>\n\t\t<\/button>\n\t\t\t\t<button id=\"e-n-tab-title-1355461882\" class=\"e-n-tab-title\" aria-selected=\"false\" data-tab-index=\"2\" role=\"tab\" tabindex=\"-1\" aria-controls=\"e-n-tab-content-1355461882\" style=\"--n-tabs-title-order: 2;\">\n\t\t\t\t\t\t<span class=\"e-n-tab-title-text\">\n\t\t\t\tFormaciones\t\t\t<\/span>\n\t\t<\/button>\n\t\t\t\t\t<\/div>\n\t\t\t<div class=\"e-n-tabs-content\">\n\t\t\t\t<div id=\"e-n-tab-content-1355461881\" role=\"tabpanel\" aria-labelledby=\"e-n-tab-title-1355461881\" data-tab-index=\"1\" style=\"--n-tabs-title-order: 1;\" class=\"e-active elementor-element elementor-element-684cc55 e-con-full e-flex e-con e-child\" data-id=\"684cc55\" data-element_type=\"container\">\n\t\t<div class=\"elementor-element elementor-element-67063d1 e-con-full e-flex e-con e-child\" data-id=\"67063d1\" data-element_type=\"container\">\n\t\t<div class=\"elementor-element elementor-element-079aee1 e-flex e-con-boxed elementor-invisible e-con e-child\" data-id=\"079aee1\" data-element_type=\"container\" data-settings=\"{&quot;animation&quot;:&quot;fadeInRight&quot;}\">\n\t\t\t\t\t<div class=\"e-con-inner\">\n\t\t\t\t<div class=\"elementor-element elementor-element-9a7ee7f elementor-widget elementor-widget-heading\" data-id=\"9a7ee7f\" data-element_type=\"widget\" data-widget_type=\"heading.default\">\n\t\t\t\t\t<h2 class=\"elementor-heading-title elementor-size-default\">Consultor\u00eda Creativa\n<\/h2>\t\t\t\t<\/div>\n\t\t\t\t<div class=\"elementor-element elementor-element-cd56c2a elementor-widget elementor-widget-text-editor\" data-id=\"cd56c2a\" data-element_type=\"widget\" data-widget_type=\"text-editor.default\">\n\t\t\t\t\t\t\t\t\t<p><span style=\"font-weight: 400;\">Te acompa\u00f1o desde la escucha activa y el respeto profundo a tus procesos para ayudarte a encontrar claridad, inspiraci\u00f3n y foco en tu proyecto profesional, art\u00edstico o creativo. Mi consultor\u00eda est\u00e1 dirigida a artistas, colectivos, agentes culturales y emprendedoras que buscan fortalecer su voz, potenciar su creatividad o clarificar su camino y la toma de decisiones, siempre desde una mirada integradora que combina intuici\u00f3n, sensibilidad y pensamiento cr\u00edtico. Con una perspectiva interdisciplinar, empleo metodolog\u00edas basadas en im\u00e1genes para favorecer la creatividad y el pensamiento visual.<\/span><\/p><p><span style=\"font-weight: 400;\">Juntas exploramos recursos, estrategias y nuevas perspectivas que faciliten tu desarrollo personal y profesional, priorizando siempre la autenticidad y el impulso genuino. El acompa\u00f1amiento es flexible y personalizado, adaptado a las necesidades y ritmos de cada persona o grupo, con el compromiso de apoyar tu crecimiento.<\/span><\/p>\t\t\t\t\t\t\t\t<\/div>\n\t\t\t\t\t<\/div>\n\t\t\t\t<\/div>\n\t\t<div class=\"elementor-element elementor-element-e9972b7 e-con-full e-flex e-con e-child\" data-id=\"e9972b7\" data-element_type=\"container\">\n\t\t\t\t<div class=\"elementor-element elementor-element-12ee842 elementor-widget elementor-widget-video\" data-id=\"12ee842\" data-element_type=\"widget\" data-settings=\"{&quot;video_type&quot;:&quot;hosted&quot;,&quot;mute&quot;:&quot;yes&quot;,&quot;loop&quot;:&quot;yes&quot;,&quot;controls&quot;:&quot;yes&quot;}\" data-widget_type=\"video.default\">\n\t\t\t\t\t\t\t<div class=\"e-hosted-video elementor-wrapper elementor-open-inline\">\n\t\t\t\t\t<video class=\"elementor-video\" src=\"https:\/\/www.alenkarobine.com\/wp-content\/uploads\/2025\/06\/IMG_6985-1.mov\" loop=\"\" controls=\"\" preload=\"metadata\" muted=\"muted\" controlslist=\"nodownload\"><\/video>\n\t\t\t\t<\/div>\n\t\t\t\t\t\t<\/div>\n\t\t\t\t<\/div>\n\t\t\t\t<\/div>\n\t\t\t\t<\/div>\n\t\t<div id=\"e-n-tab-content-1355461882\" role=\"tabpanel\" aria-labelledby=\"e-n-tab-title-1355461882\" data-tab-index=\"2\" style=\"--n-tabs-title-order: 2;\" class=\"elementor-element elementor-element-d2a5445 e-con-full e-flex e-con e-child\" data-id=\"d2a5445\" data-element_type=\"container\">\n\t\t<div class=\"elementor-element elementor-element-9803e84 e-con-full e-flex e-con e-child\" data-id=\"9803e84\" data-element_type=\"container\">\n\t\t<div class=\"elementor-element elementor-element-2ae3c0c e-flex e-con-boxed elementor-invisible e-con e-child\" data-id=\"2ae3c0c\" data-element_type=\"container\" data-settings=\"{&quot;animation&quot;:&quot;fadeInRight&quot;}\">\n\t\t\t\t\t<div class=\"e-con-inner\">\n\t\t\t\t<div class=\"elementor-element elementor-element-73e2118 elementor-widget elementor-widget-heading\" data-id=\"73e2118\" data-element_type=\"widget\" data-widget_type=\"heading.default\">\n\t\t\t\t\t<h2 class=\"elementor-heading-title elementor-size-default\">Formaciones<\/h2>\t\t\t\t<\/div>\n\t\t\t\t<div class=\"elementor-element elementor-element-9005a19 elementor-widget elementor-widget-text-editor\" data-id=\"9005a19\" data-element_type=\"widget\" data-widget_type=\"text-editor.default\">\n\t\t\t\t\t\t\t\t\t<p><span style=\"font-weight: 400;\">Ofrezco formaciones pr\u00e1cticas y te\u00f3ricas que abarcan desde la t\u00e9cnica fotogr\u00e1fica hasta la historia de la fotograf\u00eda y la arteterapia transdisciplinaria. Estas formaciones est\u00e1n dirigidas a fot\u00f3grafos, educadores, terapeutas y cualquier persona interesada en el arte visual como herramienta de transformaci\u00f3n.<\/span><\/p><p><span style=\"font-weight: 400;\">Combino contenidos t\u00e9cnicos \u2014como manejo de c\u00e1mara, composici\u00f3n y luz\u2014 con aproximaciones conceptuales sobre el papel del arte y la imagen en procesos terap\u00e9uticos y sociales. Mi enfoque es integrador, promoviendo un aprendizaje que vincule cuerpo, emoci\u00f3n e intuici\u00f3n, y que despierte la creatividad con sentido y profundidad.<\/span><\/p><p><span style=\"font-weight: 400;\">Las formaciones se adaptan a distintos formatos y p\u00fablicos, desde talleres pr\u00e1cticos hasta seminarios y charlas, siempre reservando un espacio para la reflexi\u00f3n cr\u00edtica y el di\u00e1logo.<\/span><\/p>\t\t\t\t\t\t\t\t<\/div>\n\t\t\t\t\t<\/div>\n\t\t\t\t<\/div>\n\t\t\t\t<\/div>\n\t\t\t\t<\/div>\n\t\t\t\t\t<\/div>\n\t\t<\/div>\n\t\t\t\t\t\t<\/div>\n\t\t\t\t<\/div>\n\t\t\t\t<\/div>","protected":false},"excerpt":{"rendered":"<p>Consultoria creativa y formaciones Acompa\u00f1ar desde la escucha, el impulso creativo y el respeto por los procesos. Creo en la potencia del arte como motor de transformaci\u00f3n personal y colectiva. En cada acompa\u00f1amiento creativo, ofrezco un espacio donde la autenticidad, la intuici\u00f3n y la mirada cr\u00edtica puedan dialogar.Trabajo con artistas, colectivos y personas en b\u00fasqueda [&hellip;]<\/p>","protected":false},"author":2,"featured_media":0,"parent":0,"menu_order":0,"comment_status":"closed","ping_status":"closed","template":"elementor_theme","meta":{"_acf_changed":false,"footnotes":""},"class_list":["post-3089","page","type-page","status-publish","hentry"],"acf":[],"yoast_head":"<!-- This site is optimized with the Yoast SEO plugin v25.6 - https:\/\/yoast.com\/wordpress\/plugins\/seo\/ -->\n<title>Consultoria\u00a0creativa &amp; formacion1 - Alenka Robine<\/title>\n<meta name=\"robots\" content=\"index, follow, max-snippet:-1, max-image-preview:large, max-video-preview:-1\" \/>\n<link rel=\"canonical\" href=\"https:\/\/www.alenkarobine.com\/fr\/consultoria-creativa-formacion1\/\" \/>\n<meta property=\"og:locale\" content=\"fr_FR\" \/>\n<meta property=\"og:type\" content=\"article\" \/>\n<meta property=\"og:title\" content=\"Consultoria\u00a0creativa &amp; formacion1 - Alenka Robine\" \/>\n<meta property=\"og:description\" content=\"Consultoria creativa y formaciones Acompa\u00f1ar desde la escucha, el impulso creativo y el respeto por los procesos. Creo en la potencia del arte como motor de transformaci\u00f3n personal y colectiva. En cada acompa\u00f1amiento creativo, ofrezco un espacio donde la autenticidad, la intuici\u00f3n y la mirada cr\u00edtica puedan dialogar.Trabajo con artistas, colectivos y personas en b\u00fasqueda [&hellip;]\" \/>\n<meta property=\"og:url\" content=\"https:\/\/www.alenkarobine.com\/fr\/consultoria-creativa-formacion1\/\" \/>\n<meta property=\"og:site_name\" content=\"Alenka Robine\" \/>\n<meta property=\"article:modified_time\" content=\"2025-07-07T09:57:38+00:00\" \/>\n<meta property=\"og:image\" content=\"https:\/\/www.alenkarobine.com\/wp-content\/uploads\/2024\/05\/social_default_1200x630.jpg\" \/>\n\t<meta property=\"og:image:width\" content=\"1200\" \/>\n\t<meta property=\"og:image:height\" content=\"630\" \/>\n\t<meta property=\"og:image:type\" content=\"image\/jpeg\" \/>\n<meta name=\"twitter:card\" content=\"summary_large_image\" \/>\n<meta name=\"twitter:label1\" content=\"Dur\u00e9e de lecture estim\u00e9e\" \/>\n\t<meta name=\"twitter:data1\" content=\"4 minutes\" \/>\n<script type=\"application\/ld+json\" class=\"yoast-schema-graph\">{\"@context\":\"https:\/\/schema.org\",\"@graph\":[{\"@type\":\"WebPage\",\"@id\":\"https:\/\/www.alenkarobine.com\/consultoria-creativa-formacion1\/\",\"url\":\"https:\/\/www.alenkarobine.com\/consultoria-creativa-formacion1\/\",\"name\":\"Consultoria\u00a0creativa &amp; formacion1 - Alenka Robine\",\"isPartOf\":{\"@id\":\"https:\/\/www.alenkarobine.com\/#website\"},\"datePublished\":\"2025-06-04T14:07:06+00:00\",\"dateModified\":\"2025-07-07T09:57:38+00:00\",\"breadcrumb\":{\"@id\":\"https:\/\/www.alenkarobine.com\/consultoria-creativa-formacion1\/#breadcrumb\"},\"inLanguage\":\"fr-FR\",\"potentialAction\":[{\"@type\":\"ReadAction\",\"target\":[\"https:\/\/www.alenkarobine.com\/consultoria-creativa-formacion1\/\"]}]},{\"@type\":\"BreadcrumbList\",\"@id\":\"https:\/\/www.alenkarobine.com\/consultoria-creativa-formacion1\/#breadcrumb\",\"itemListElement\":[{\"@type\":\"ListItem\",\"position\":1,\"name\":\"Home\",\"item\":\"https:\/\/www.alenkarobine.com\/\"},{\"@type\":\"ListItem\",\"position\":2,\"name\":\"Consultoria\u00a0creativa &amp; formacion1\"}]},{\"@type\":\"WebSite\",\"@id\":\"https:\/\/www.alenkarobine.com\/#website\",\"url\":\"https:\/\/www.alenkarobine.com\/\",\"name\":\"Alenka Robine\",\"description\":\"Alenka Robine, Normand\u00eda, Francia, es fot\u00f3grafa especializada en lo participativo y terap\u00e9utico, arteterapeuta transdisciplinar, facilitadora e investigadora mediante la imagen.\",\"potentialAction\":[{\"@type\":\"SearchAction\",\"target\":{\"@type\":\"EntryPoint\",\"urlTemplate\":\"https:\/\/www.alenkarobine.com\/?s={search_term_string}\"},\"query-input\":{\"@type\":\"PropertyValueSpecification\",\"valueRequired\":true,\"valueName\":\"search_term_string\"}}],\"inLanguage\":\"fr-FR\"}]}<\/script>\n<!-- \/ Yoast SEO plugin. -->","yoast_head_json":{"title":"Consultoria\u00a0creativa &amp; formacion1 - Alenka Robine","robots":{"index":"index","follow":"follow","max-snippet":"max-snippet:-1","max-image-preview":"max-image-preview:large","max-video-preview":"max-video-preview:-1"},"canonical":"https:\/\/www.alenkarobine.com\/fr\/consultoria-creativa-formacion1\/","og_locale":"fr_FR","og_type":"article","og_title":"Consultoria\u00a0creativa &amp; formacion1 - Alenka Robine","og_description":"Consultoria creativa y formaciones Acompa\u00f1ar desde la escucha, el impulso creativo y el respeto por los procesos. Creo en la potencia del arte como motor de transformaci\u00f3n personal y colectiva. En cada acompa\u00f1amiento creativo, ofrezco un espacio donde la autenticidad, la intuici\u00f3n y la mirada cr\u00edtica puedan dialogar.Trabajo con artistas, colectivos y personas en b\u00fasqueda [&hellip;]","og_url":"https:\/\/www.alenkarobine.com\/fr\/consultoria-creativa-formacion1\/","og_site_name":"Alenka Robine","article_modified_time":"2025-07-07T09:57:38+00:00","og_image":[{"width":1200,"height":630,"url":"https:\/\/www.alenkarobine.com\/wp-content\/uploads\/2024\/05\/social_default_1200x630.jpg","type":"image\/jpeg"}],"twitter_card":"summary_large_image","twitter_misc":{"Dur\u00e9e de lecture estim\u00e9e":"4 minutes"},"schema":{"@context":"https:\/\/schema.org","@graph":[{"@type":"WebPage","@id":"https:\/\/www.alenkarobine.com\/consultoria-creativa-formacion1\/","url":"https:\/\/www.alenkarobine.com\/consultoria-creativa-formacion1\/","name":"Consultoria\u00a0creativa &amp; formacion1 - Alenka Robine","isPartOf":{"@id":"https:\/\/www.alenkarobine.com\/#website"},"datePublished":"2025-06-04T14:07:06+00:00","dateModified":"2025-07-07T09:57:38+00:00","breadcrumb":{"@id":"https:\/\/www.alenkarobine.com\/consultoria-creativa-formacion1\/#breadcrumb"},"inLanguage":"fr-FR","potentialAction":[{"@type":"ReadAction","target":["https:\/\/www.alenkarobine.com\/consultoria-creativa-formacion1\/"]}]},{"@type":"BreadcrumbList","@id":"https:\/\/www.alenkarobine.com\/consultoria-creativa-formacion1\/#breadcrumb","itemListElement":[{"@type":"ListItem","position":1,"name":"Home","item":"https:\/\/www.alenkarobine.com\/"},{"@type":"ListItem","position":2,"name":"Consultoria\u00a0creativa &amp; formacion1"}]},{"@type":"WebSite","@id":"https:\/\/www.alenkarobine.com\/#website","url":"https:\/\/www.alenkarobine.com\/","name":"Alenka Robine","description":"Alenka Robine, Normand\u00eda, Francia, es fot\u00f3grafa especializada en lo participativo y terap\u00e9utico, arteterapeuta transdisciplinar, facilitadora e investigadora mediante la imagen.","potentialAction":[{"@type":"SearchAction","target":{"@type":"EntryPoint","urlTemplate":"https:\/\/www.alenkarobine.com\/?s={search_term_string}"},"query-input":{"@type":"PropertyValueSpecification","valueRequired":true,"valueName":"search_term_string"}}],"inLanguage":"fr-FR"}]}},"_links":{"self":[{"href":"https:\/\/www.alenkarobine.com\/fr\/wp-json\/wp\/v2\/pages\/3089","targetHints":{"allow":["GET"]}}],"collection":[{"href":"https:\/\/www.alenkarobine.com\/fr\/wp-json\/wp\/v2\/pages"}],"about":[{"href":"https:\/\/www.alenkarobine.com\/fr\/wp-json\/wp\/v2\/types\/page"}],"author":[{"embeddable":true,"href":"https:\/\/www.alenkarobine.com\/fr\/wp-json\/wp\/v2\/users\/2"}],"replies":[{"embeddable":true,"href":"https:\/\/www.alenkarobine.com\/fr\/wp-json\/wp\/v2\/comments?post=3089"}],"version-history":[{"count":0,"href":"https:\/\/www.alenkarobine.com\/fr\/wp-json\/wp\/v2\/pages\/3089\/revisions"}],"wp:attachment":[{"href":"https:\/\/www.alenkarobine.com\/fr\/wp-json\/wp\/v2\/media?parent=3089"}],"curies":[{"name":"wp","href":"https:\/\/api.w.org\/{rel}","templated":true}]}}