{"id":3026,"date":"2025-06-04T11:28:39","date_gmt":"2025-06-04T09:28:39","guid":{"rendered":"https:\/\/www.alenkarobine.com\/?page_id=3026"},"modified":"2025-06-26T11:41:17","modified_gmt":"2025-06-26T09:41:17","slug":"sobre-mi","status":"publish","type":"page","link":"https:\/\/www.alenkarobine.com\/fr\/sobre-mi\/","title":{"rendered":"A propos de moi"},"content":{"rendered":"<div data-elementor-type=\"wp-page\" data-elementor-id=\"3026\" class=\"elementor elementor-3026\" data-elementor-post-type=\"page\">\n\t\t\t\t<div class=\"elementor-element elementor-element-d9879db e-flex e-con-boxed e-con e-parent\" data-id=\"d9879db\" data-element_type=\"container\" data-settings=\"{&quot;background_background&quot;:&quot;classic&quot;}\">\n\t\t\t\t\t<div class=\"e-con-inner\">\n\t\t<div class=\"elementor-element elementor-element-2fa6e17 e-con-full e-flex e-con e-child\" data-id=\"2fa6e17\" data-element_type=\"container\">\n\t\t<div class=\"elementor-element elementor-element-83411ce e-con-full e-flex e-con e-child\" data-id=\"83411ce\" data-element_type=\"container\" data-settings=\"{&quot;background_background&quot;:&quot;classic&quot;}\">\n\t\t<div class=\"elementor-element elementor-element-9531da7 e-con-full e-flex e-con e-child\" data-id=\"9531da7\" data-element_type=\"container\">\n\t\t\t\t<div class=\"elementor-element elementor-element-bcbdbd5 elementor-widget elementor-widget-heading\" data-id=\"bcbdbd5\" data-element_type=\"widget\" data-widget_type=\"heading.default\">\n\t\t\t\t\t<h1 class=\"elementor-heading-title elementor-size-default\">Sobre m\u00ed<\/h1>\t\t\t\t<\/div>\n\t\t\t\t<\/div>\n\t\t<div class=\"elementor-element elementor-element-8f68c0f e-con-full elementor-hidden-mobile e-flex e-con e-child\" data-id=\"8f68c0f\" data-element_type=\"container\">\n\t\t\t\t<\/div>\n\t\t\t\t<\/div>\n\t\t\t\t<\/div>\n\t\t\t\t\t<\/div>\n\t\t\t\t<\/div>\n\t\t<div class=\"elementor-element elementor-element-aa5951e e-flex e-con-boxed e-con e-parent\" data-id=\"aa5951e\" data-element_type=\"container\" data-settings=\"{&quot;background_background&quot;:&quot;classic&quot;}\">\n\t\t\t\t\t<div class=\"e-con-inner\">\n\t\t<div class=\"elementor-element elementor-element-fa63259 e-con-full elementor-hidden-tablet elementor-hidden-mobile e-flex e-con e-child\" data-id=\"fa63259\" data-element_type=\"container\">\n\t\t\t\t<div class=\"elementor-element elementor-element-862f759 elementor-widget__width-initial elementor-widget elementor-widget-image\" data-id=\"862f759\" data-element_type=\"widget\" data-widget_type=\"image.default\">\n\t\t\t\t\t\t\t\t\t\t\t\t\t\t\t<img fetchpriority=\"high\" decoding=\"async\" width=\"630\" height=\"940\" src=\"https:\/\/www.alenkarobine.com\/wp-content\/uploads\/2024\/09\/alenka-robine.webp\" class=\"attachment-full size-full wp-image-2308\" alt=\"Alenka Robine\" srcset=\"https:\/\/www.alenkarobine.com\/wp-content\/uploads\/2024\/09\/alenka-robine.webp 630w, https:\/\/www.alenkarobine.com\/wp-content\/uploads\/2024\/09\/alenka-robine-201x300.webp 201w, https:\/\/www.alenkarobine.com\/wp-content\/uploads\/2024\/09\/alenka-robine-600x895.webp 600w\" sizes=\"(max-width: 630px) 100vw, 630px\" \/>\t\t\t\t\t\t\t\t\t\t\t\t\t\t\t<\/div>\n\t\t\t\t<\/div>\n\t\t<div class=\"elementor-element elementor-element-70c5848 e-con-full e-flex e-con e-child\" data-id=\"70c5848\" data-element_type=\"container\">\n\t\t<div class=\"elementor-element elementor-element-eade4b2 e-con-full e-flex e-con e-child\" data-id=\"eade4b2\" data-element_type=\"container\">\n\t\t\t\t<div class=\"elementor-element elementor-element-a4b9b1f elementor-widget elementor-widget-heading\" data-id=\"a4b9b1f\" data-element_type=\"widget\" data-widget_type=\"heading.default\">\n\t\t\t\t\t<h2 class=\"elementor-heading-title elementor-size-xxl\">Statement<\/h2>\t\t\t\t<\/div>\n\t\t\t\t<div class=\"elementor-element elementor-element-795cb7e elementor-widget-divider--view-line elementor-widget elementor-widget-divider\" data-id=\"795cb7e\" data-element_type=\"widget\" data-widget_type=\"divider.default\">\n\t\t\t\t\t\t\t<div class=\"elementor-divider\">\n\t\t\t<span class=\"elementor-divider-separator\">\n\t\t\t\t\t\t<\/span>\n\t\t<\/div>\n\t\t\t\t\t\t<\/div>\n\t\t\t\t<\/div>\n\t\t\t\t<div class=\"elementor-element elementor-element-43a5e54 elementor-widget elementor-widget-text-editor\" data-id=\"43a5e54\" data-element_type=\"widget\" data-widget_type=\"text-editor.default\">\n\t\t\t\t\t\t\t\t\t<p><span style=\"font-weight: 400;\">Mi pr\u00e1ctica art\u00edstica investiga la imagen como un territorio vivo y sensible, donde el cuerpo, la memoria y el v\u00ednculo se entrelazan. Trabajo en el cruce entre fotograf\u00eda, performance y arteterapia, habitando la creaci\u00f3n como un proceso de escucha, ritual y transformaci\u00f3n.<\/span><\/p><p><span style=\"font-weight: 400;\">Exploro lo invisible, lo inaudible y aquello que no siempre encuentra palabras: los gestos m\u00ednimos, los silencios, las heridas y las preguntas que nos atraviesan. Me muevo en espacios donde lo \u00edntimo se vuelve pol\u00edtico, y donde la imagen emerge desde el cuidado, la presencia y el encuentro con otras y otros.<\/span><\/p><p><span style=\"font-weight: 400;\">Mis procesos ensayan otras formas de estar y de mirar, a trav\u00e9s de talleres, sesiones fotogr\u00e1ficas y dispositivos participativos que abren di\u00e1logos entre lo personal, lo colectivo y lo a\u00fan no dicho. Acompa\u00f1o, registro y celebro los cuerpos y sus procesos vitales. Para m\u00ed, el arte es tiempo y escucha.<\/span><\/p><p><span style=\"font-weight: 400;\">Desde este lugar nace <\/span><b>Le Souffle<\/b><span style=\"font-weight: 400;\">, un proyecto art\u00edstico y vital en constante transformaci\u00f3n, como el aliento mismo. Enraizado en una mirada po\u00e9tica y transdisciplinar, investiga la relaci\u00f3n entre cuerpo, territorio, memoria corporal y resiliencia, proponiendo im\u00e1genes como actos de metamorfosis, donde lo sensible y lo pol\u00edtico se funden.<\/span><\/p>\t\t\t\t\t\t\t\t<\/div>\n\t\t\t\t<\/div>\n\t\t\t\t\t<\/div>\n\t\t\t\t<\/div>\n\t\t<div class=\"elementor-element elementor-element-c0c4b86 e-flex e-con-boxed e-con e-parent\" data-id=\"c0c4b86\" data-element_type=\"container\">\n\t\t\t\t\t<div class=\"e-con-inner\">\n\t\t<div class=\"elementor-element elementor-element-1f68ebf e-con-full e-flex e-con e-child\" data-id=\"1f68ebf\" data-element_type=\"container\">\n\t\t<div class=\"elementor-element elementor-element-89b9692 e-con-full e-flex e-con e-child\" data-id=\"89b9692\" data-element_type=\"container\">\n\t\t\t\t<div class=\"elementor-element elementor-element-4ef4cde elementor-widget elementor-widget-heading\" data-id=\"4ef4cde\" data-element_type=\"widget\" data-widget_type=\"heading.default\">\n\t\t\t\t\t<h2 class=\"elementor-heading-title elementor-size-xxl\">Bio<\/h2>\t\t\t\t<\/div>\n\t\t\t\t<div class=\"elementor-element elementor-element-392b53f elementor-widget-divider--view-line elementor-widget elementor-widget-divider\" data-id=\"392b53f\" data-element_type=\"widget\" data-widget_type=\"divider.default\">\n\t\t\t\t\t\t\t<div class=\"elementor-divider\">\n\t\t\t<span class=\"elementor-divider-separator\">\n\t\t\t\t\t\t<\/span>\n\t\t<\/div>\n\t\t\t\t\t\t<\/div>\n\t\t\t\t<\/div>\n\t\t\t\t<div class=\"elementor-element elementor-element-32f4e6c elementor-widget elementor-widget-text-editor\" data-id=\"32f4e6c\" data-element_type=\"widget\" data-widget_type=\"text-editor.default\">\n\t\t\t\t\t\t\t\t\t<p><b>Alenka Robine<\/b><span style=\"font-weight: 400;\"> es fot\u00f3grafa, artista visual, performer y arteterapeuta transdisciplinaria. Su trabajo se sit\u00faa en la intersecci\u00f3n entre imagen, cuerpo y acompa\u00f1amiento, entendiendo la fotograf\u00eda como v\u00eda de encuentro, expresi\u00f3n y transformaci\u00f3n.<\/span><\/p><p><span style=\"font-weight: 400;\">Licenciada en <\/span><i><span style=\"font-weight: 400;\">Fine Art Photography<\/span><\/i><span style=\"font-weight: 400;\">, cuenta con un m\u00e1ster en fotograf\u00eda publicitaria y otro en arteterapia transdisciplinaria y desarrollo humano. Est\u00e1 adem\u00e1s formada en fotograf\u00eda terap\u00e9utica y participativa. Dise\u00f1a e impulsa espacios donde el proceso creativo se convierte en herramienta de sanaci\u00f3n, reflexi\u00f3n y cambio.<\/span><\/p><p><span style=\"font-weight: 400;\">Su enfoque entrelaza lo autobiogr\u00e1fico, lo documental, lo po\u00e9tico y lo relacional, desde una mirada humanista y socialmente comprometida.<\/span><\/p><p><span style=\"font-weight: 400;\">Originaria de Normand\u00eda (Francia), vive en Madrid desde 2015. Forma parte de <\/span><i><span style=\"font-weight: 400;\">TuPatio Hall de Artistas<\/span><\/i><span style=\"font-weight: 400;\">, espacio de creaci\u00f3n colectiva e intercambio, y colabora con iniciativas culturales y sociales que entretejen arte, cuidado y comunidad. Desde ah\u00ed ofrece sesiones individuales, acompa\u00f1amiento para artistas, talleres grupales y formaciones que integran imagen, cuerpo y poiesis como lenguajes de transformaci\u00f3n.<\/span><\/p>\t\t\t\t\t\t\t\t<\/div>\n\t\t\t\t<\/div>\n\t\t<div class=\"elementor-element elementor-element-5307cd1 e-con-full e-flex e-con e-child\" data-id=\"5307cd1\" data-element_type=\"container\">\n\t\t\t\t<div class=\"elementor-element elementor-element-d952993 elementor-widget elementor-widget-image\" data-id=\"d952993\" data-element_type=\"widget\" data-widget_type=\"image.default\">\n\t\t\t\t\t\t\t\t\t\t\t\t\t\t\t<img decoding=\"async\" width=\"690\" height=\"940\" src=\"https:\/\/www.alenkarobine.com\/wp-content\/uploads\/2024\/09\/terapeutica-y-participativa.webp\" class=\"attachment-large size-large wp-image-2345\" alt=\"Fotograf\u00eda participativa y terap\u00e9utica\" srcset=\"https:\/\/www.alenkarobine.com\/wp-content\/uploads\/2024\/09\/terapeutica-y-participativa.webp 690w, https:\/\/www.alenkarobine.com\/wp-content\/uploads\/2024\/09\/terapeutica-y-participativa-220x300.webp 220w, https:\/\/www.alenkarobine.com\/wp-content\/uploads\/2024\/09\/terapeutica-y-participativa-600x817.webp 600w\" sizes=\"(max-width: 690px) 100vw, 690px\" \/>\t\t\t\t\t\t\t\t\t\t\t\t\t\t\t<\/div>\n\t\t\t\t<\/div>\n\t\t\t\t\t<\/div>\n\t\t\t\t<\/div>\n\t\t\t\t<\/div>","protected":false},"excerpt":{"rendered":"<p>Sobre m\u00ed Statement Mi pr\u00e1ctica art\u00edstica investiga la imagen como un territorio vivo y sensible, donde el cuerpo, la memoria y el v\u00ednculo se entrelazan. Trabajo en el cruce entre fotograf\u00eda, performance y arteterapia, habitando la creaci\u00f3n como un proceso de escucha, ritual y transformaci\u00f3n. Exploro lo invisible, lo inaudible y aquello que no siempre [&hellip;]<\/p>","protected":false},"author":2,"featured_media":0,"parent":0,"menu_order":0,"comment_status":"closed","ping_status":"closed","template":"elementor_theme","meta":{"_acf_changed":false,"footnotes":""},"class_list":["post-3026","page","type-page","status-publish","hentry"],"acf":[],"yoast_head":"<!-- This site is optimized with the Yoast SEO plugin v25.6 - https:\/\/yoast.com\/wordpress\/plugins\/seo\/ -->\n<title>Sobre mi - Alenka Robine<\/title>\n<meta name=\"robots\" content=\"index, follow, max-snippet:-1, max-image-preview:large, max-video-preview:-1\" \/>\n<link rel=\"canonical\" href=\"https:\/\/www.alenkarobine.com\/fr\/sobre-mi\/\" \/>\n<meta property=\"og:locale\" content=\"fr_FR\" \/>\n<meta property=\"og:type\" content=\"article\" \/>\n<meta property=\"og:title\" content=\"Sobre mi - Alenka Robine\" \/>\n<meta property=\"og:description\" content=\"Sobre m\u00ed Statement Mi pr\u00e1ctica art\u00edstica investiga la imagen como un territorio vivo y sensible, donde el cuerpo, la memoria y el v\u00ednculo se entrelazan. Trabajo en el cruce entre fotograf\u00eda, performance y arteterapia, habitando la creaci\u00f3n como un proceso de escucha, ritual y transformaci\u00f3n. Exploro lo invisible, lo inaudible y aquello que no siempre [&hellip;]\" \/>\n<meta property=\"og:url\" content=\"https:\/\/www.alenkarobine.com\/fr\/sobre-mi\/\" \/>\n<meta property=\"og:site_name\" content=\"Alenka Robine\" \/>\n<meta property=\"article:modified_time\" content=\"2025-06-26T09:41:17+00:00\" \/>\n<meta property=\"og:image\" content=\"https:\/\/www.alenkarobine.com\/wp-content\/uploads\/2024\/09\/alenka-robine.webp\" \/>\n\t<meta property=\"og:image:width\" content=\"630\" \/>\n\t<meta property=\"og:image:height\" content=\"940\" \/>\n\t<meta property=\"og:image:type\" content=\"image\/webp\" \/>\n<meta name=\"twitter:card\" content=\"summary_large_image\" \/>\n<meta name=\"twitter:label1\" content=\"Dur\u00e9e de lecture estim\u00e9e\" \/>\n\t<meta name=\"twitter:data1\" content=\"2 minutes\" \/>\n<script type=\"application\/ld+json\" class=\"yoast-schema-graph\">{\"@context\":\"https:\/\/schema.org\",\"@graph\":[{\"@type\":\"WebPage\",\"@id\":\"https:\/\/www.alenkarobine.com\/sobre-mi\/\",\"url\":\"https:\/\/www.alenkarobine.com\/sobre-mi\/\",\"name\":\"Sobre mi - Alenka Robine\",\"isPartOf\":{\"@id\":\"https:\/\/www.alenkarobine.com\/#website\"},\"primaryImageOfPage\":{\"@id\":\"https:\/\/www.alenkarobine.com\/sobre-mi\/#primaryimage\"},\"image\":{\"@id\":\"https:\/\/www.alenkarobine.com\/sobre-mi\/#primaryimage\"},\"thumbnailUrl\":\"https:\/\/www.alenkarobine.com\/wp-content\/uploads\/2024\/09\/alenka-robine.webp\",\"datePublished\":\"2025-06-04T09:28:39+00:00\",\"dateModified\":\"2025-06-26T09:41:17+00:00\",\"breadcrumb\":{\"@id\":\"https:\/\/www.alenkarobine.com\/sobre-mi\/#breadcrumb\"},\"inLanguage\":\"fr-FR\",\"potentialAction\":[{\"@type\":\"ReadAction\",\"target\":[\"https:\/\/www.alenkarobine.com\/sobre-mi\/\"]}]},{\"@type\":\"ImageObject\",\"inLanguage\":\"fr-FR\",\"@id\":\"https:\/\/www.alenkarobine.com\/sobre-mi\/#primaryimage\",\"url\":\"https:\/\/www.alenkarobine.com\/wp-content\/uploads\/2024\/09\/alenka-robine.webp\",\"contentUrl\":\"https:\/\/www.alenkarobine.com\/wp-content\/uploads\/2024\/09\/alenka-robine.webp\"},{\"@type\":\"BreadcrumbList\",\"@id\":\"https:\/\/www.alenkarobine.com\/sobre-mi\/#breadcrumb\",\"itemListElement\":[{\"@type\":\"ListItem\",\"position\":1,\"name\":\"Home\",\"item\":\"https:\/\/www.alenkarobine.com\/\"},{\"@type\":\"ListItem\",\"position\":2,\"name\":\"Sobre mi\"}]},{\"@type\":\"WebSite\",\"@id\":\"https:\/\/www.alenkarobine.com\/#website\",\"url\":\"https:\/\/www.alenkarobine.com\/\",\"name\":\"Alenka Robine\",\"description\":\"Alenka Robine, Normand\u00eda, Francia, es fot\u00f3grafa especializada en lo participativo y terap\u00e9utico, arteterapeuta transdisciplinar, facilitadora e investigadora mediante la imagen.\",\"potentialAction\":[{\"@type\":\"SearchAction\",\"target\":{\"@type\":\"EntryPoint\",\"urlTemplate\":\"https:\/\/www.alenkarobine.com\/?s={search_term_string}\"},\"query-input\":{\"@type\":\"PropertyValueSpecification\",\"valueRequired\":true,\"valueName\":\"search_term_string\"}}],\"inLanguage\":\"fr-FR\"}]}<\/script>\n<!-- \/ Yoast SEO plugin. -->","yoast_head_json":{"title":"Sobre mi - Alenka Robine","robots":{"index":"index","follow":"follow","max-snippet":"max-snippet:-1","max-image-preview":"max-image-preview:large","max-video-preview":"max-video-preview:-1"},"canonical":"https:\/\/www.alenkarobine.com\/fr\/sobre-mi\/","og_locale":"fr_FR","og_type":"article","og_title":"Sobre mi - Alenka Robine","og_description":"Sobre m\u00ed Statement Mi pr\u00e1ctica art\u00edstica investiga la imagen como un territorio vivo y sensible, donde el cuerpo, la memoria y el v\u00ednculo se entrelazan. Trabajo en el cruce entre fotograf\u00eda, performance y arteterapia, habitando la creaci\u00f3n como un proceso de escucha, ritual y transformaci\u00f3n. Exploro lo invisible, lo inaudible y aquello que no siempre [&hellip;]","og_url":"https:\/\/www.alenkarobine.com\/fr\/sobre-mi\/","og_site_name":"Alenka Robine","article_modified_time":"2025-06-26T09:41:17+00:00","og_image":[{"width":630,"height":940,"url":"https:\/\/www.alenkarobine.com\/wp-content\/uploads\/2024\/09\/alenka-robine.webp","type":"image\/webp"}],"twitter_card":"summary_large_image","twitter_misc":{"Dur\u00e9e de lecture estim\u00e9e":"2 minutes"},"schema":{"@context":"https:\/\/schema.org","@graph":[{"@type":"WebPage","@id":"https:\/\/www.alenkarobine.com\/sobre-mi\/","url":"https:\/\/www.alenkarobine.com\/sobre-mi\/","name":"Sobre mi - Alenka Robine","isPartOf":{"@id":"https:\/\/www.alenkarobine.com\/#website"},"primaryImageOfPage":{"@id":"https:\/\/www.alenkarobine.com\/sobre-mi\/#primaryimage"},"image":{"@id":"https:\/\/www.alenkarobine.com\/sobre-mi\/#primaryimage"},"thumbnailUrl":"https:\/\/www.alenkarobine.com\/wp-content\/uploads\/2024\/09\/alenka-robine.webp","datePublished":"2025-06-04T09:28:39+00:00","dateModified":"2025-06-26T09:41:17+00:00","breadcrumb":{"@id":"https:\/\/www.alenkarobine.com\/sobre-mi\/#breadcrumb"},"inLanguage":"fr-FR","potentialAction":[{"@type":"ReadAction","target":["https:\/\/www.alenkarobine.com\/sobre-mi\/"]}]},{"@type":"ImageObject","inLanguage":"fr-FR","@id":"https:\/\/www.alenkarobine.com\/sobre-mi\/#primaryimage","url":"https:\/\/www.alenkarobine.com\/wp-content\/uploads\/2024\/09\/alenka-robine.webp","contentUrl":"https:\/\/www.alenkarobine.com\/wp-content\/uploads\/2024\/09\/alenka-robine.webp"},{"@type":"BreadcrumbList","@id":"https:\/\/www.alenkarobine.com\/sobre-mi\/#breadcrumb","itemListElement":[{"@type":"ListItem","position":1,"name":"Home","item":"https:\/\/www.alenkarobine.com\/"},{"@type":"ListItem","position":2,"name":"Sobre mi"}]},{"@type":"WebSite","@id":"https:\/\/www.alenkarobine.com\/#website","url":"https:\/\/www.alenkarobine.com\/","name":"Alenka Robine","description":"Alenka Robine, Normand\u00eda, Francia, es fot\u00f3grafa especializada en lo participativo y terap\u00e9utico, arteterapeuta transdisciplinar, facilitadora e investigadora mediante la imagen.","potentialAction":[{"@type":"SearchAction","target":{"@type":"EntryPoint","urlTemplate":"https:\/\/www.alenkarobine.com\/?s={search_term_string}"},"query-input":{"@type":"PropertyValueSpecification","valueRequired":true,"valueName":"search_term_string"}}],"inLanguage":"fr-FR"}]}},"_links":{"self":[{"href":"https:\/\/www.alenkarobine.com\/fr\/wp-json\/wp\/v2\/pages\/3026","targetHints":{"allow":["GET"]}}],"collection":[{"href":"https:\/\/www.alenkarobine.com\/fr\/wp-json\/wp\/v2\/pages"}],"about":[{"href":"https:\/\/www.alenkarobine.com\/fr\/wp-json\/wp\/v2\/types\/page"}],"author":[{"embeddable":true,"href":"https:\/\/www.alenkarobine.com\/fr\/wp-json\/wp\/v2\/users\/2"}],"replies":[{"embeddable":true,"href":"https:\/\/www.alenkarobine.com\/fr\/wp-json\/wp\/v2\/comments?post=3026"}],"version-history":[{"count":0,"href":"https:\/\/www.alenkarobine.com\/fr\/wp-json\/wp\/v2\/pages\/3026\/revisions"}],"wp:attachment":[{"href":"https:\/\/www.alenkarobine.com\/fr\/wp-json\/wp\/v2\/media?parent=3026"}],"curies":[{"name":"wp","href":"https:\/\/api.w.org\/{rel}","templated":true}]}}